{"id":1561,"date":"2025-12-17T02:55:45","date_gmt":"2025-12-17T01:55:45","guid":{"rendered":"https:\/\/restaurant-fago.at\/?page_id=1561"},"modified":"2026-01-16T10:47:40","modified_gmt":"2026-01-16T09:47:40","slug":"impressum","status":"publish","type":"page","link":"https:\/\/restaurant-fago.at\/de\/impressum\/","title":{"rendered":"Impressum"},"content":{"rendered":"\t\t<div data-elementor-type=\"wp-page\" data-elementor-id=\"1561\" class=\"elementor elementor-1561\" data-elementor-post-type=\"page\">\n\t\t\t\t<div class=\"elementor-element elementor-element-b372649 e-flex e-con-boxed e-con e-parent\" data-id=\"b372649\" data-element_type=\"container\">\n\t\t\t\t\t<div class=\"e-con-inner\">\n\t\t\t\t<div class=\"elementor-element elementor-element-f579257 elementor-widget elementor-widget-text-editor\" data-id=\"f579257\" data-element_type=\"widget\" data-settings=\"{&quot;wdt_animation_effect&quot;:&quot;none&quot;}\" data-widget_type=\"text-editor.default\">\n\t\t\t\t\t\t\t\t\t\n<h1 class=\"wp-block-heading\" data-start=\"242\" data-end=\"253\">Impressum<\/h1>\n<h2 data-start=\"255\" data-end=\"303\">\u00a0<\/h2>\n<h2 data-start=\"255\" data-end=\"303\">Angaben gem\u00e4\u00df \u00a7 5 ECG, \u00a7 14 UGB und \u00a7 63 GewO<\/h2>\n<p data-start=\"305\" data-end=\"353\"><strong data-start=\"305\" data-end=\"324\">Fago Restaurant<br \/><\/strong>Zuzana Michalcsak und Duy Tung Nguyen<\/p>\n<p data-start=\"355\" data-end=\"423\"><strong data-start=\"355\" data-end=\"367\">Adresse:<\/strong><br data-start=\"367\" data-end=\"370\" \/>Urstein S\u00fcd 1<br \/>A-5412 Puch\/Salzburg<br \/>\u00d6sterreich<\/p>\n<p data-start=\"425\" data-end=\"488\"><strong data-start=\"458\" data-end=\"469\">E-Mail:<\/strong> <a href=\"mailto:info@restaurant-fago.at\"><span class=\"elementor-icon-list-text\">info@restaurant-fago.at<\/span><\/a><\/p>\n<hr data-start=\"490\" data-end=\"493\" \/>\n<h2 data-start=\"495\" data-end=\"520\">\u00a0<\/h2>\n<h2 data-start=\"495\" data-end=\"520\">Unternehmensgegenstand<\/h2>\n<p data-start=\"522\" data-end=\"570\">Betrieb eines Gastronomiebetriebes \/ Restaurants<\/p>\n<hr data-start=\"572\" data-end=\"575\" \/>\n<h2 data-start=\"577\" data-end=\"590\">\u00a0<\/h2>\n<h2 data-start=\"577\" data-end=\"590\">Firmenbuch<\/h2>\n<p data-start=\"592\" data-end=\"676\">Firmenbuchnummer: FN 348138 v<br data-start=\"622\" data-end=\"625\" \/>Firmenbuchgericht: Landesgericht Salzburg<\/p>\n<hr data-start=\"731\" data-end=\"734\" \/>\n<h2 data-start=\"736\" data-end=\"749\">\u00a0<\/h2>\n<h2 data-start=\"736\" data-end=\"749\">UID-Nummer<\/h2>\n<p data-start=\"751\" data-end=\"811\">UID-Nummer gem\u00e4\u00df \u00a7 27a Umsatzsteuergesetz:<br data-start=\"793\" data-end=\"796\" \/>ATU65860099<\/p>\n<hr data-start=\"962\" data-end=\"965\" \/>\n<h2 data-start=\"967\" data-end=\"999\">\u00a0<\/h2>\n<h2 data-start=\"967\" data-end=\"999\">Berufsrechtliche Vorschriften<\/h2>\n<p data-start=\"1001\" data-end=\"1066\">Gewerbeordnung (GewO)<br data-start=\"1022\" data-end=\"1025\" \/>abrufbar unter: <a class=\"decorated-link\" href=\"https:\/\/www.ris.bka.gv.at\" target=\"_new\" rel=\"noopener\" data-start=\"1041\" data-end=\"1066\">https:\/\/www.ris.bka.gv.at<\/a><\/p>\n<hr data-start=\"1068\" data-end=\"1071\" \/>\n<h2 data-start=\"1073\" data-end=\"1095\">\u00a0<\/h2>\n<h2 data-start=\"1073\" data-end=\"1095\">Kammerzugeh\u00f6rigkeit<\/h2>\n<p data-start=\"1097\" data-end=\"1156\">Wirtschaftskammer \u00d6sterreich (WK\u00d6)<br data-start=\"1131\" data-end=\"1134\" \/>Fachgruppe Gastronomie<\/p>\n<hr data-start=\"1158\" data-end=\"1161\" \/>\n<h2 data-start=\"1163\" data-end=\"1185\">\u00a0<\/h2>\n<h2 data-start=\"1163\" data-end=\"1185\">Haftung f\u00fcr Inhalte<\/h2>\n<p data-start=\"1187\" data-end=\"1360\">Die Inhalte unserer Seiten wurden mit gr\u00f6\u00dfter Sorgfalt erstellt.<br data-start=\"1251\" data-end=\"1254\" \/>F\u00fcr die Richtigkeit, Vollst\u00e4ndigkeit und Aktualit\u00e4t der Inhalte k\u00f6nnen wir jedoch keine Gew\u00e4hr \u00fcbernehmen.<\/p>\n<hr data-start=\"1362\" data-end=\"1365\" \/>\n<h2 data-start=\"1367\" data-end=\"1387\">\u00a0<\/h2>\n<h2 data-start=\"1367\" data-end=\"1387\">Haftung f\u00fcr Links<\/h2>\n<p data-start=\"1389\" data-end=\"1550\">Unsere Website enth\u00e4lt Links zu externen Websites Dritter, auf deren Inhalte wir keinen Einfluss haben.<br data-start=\"1492\" data-end=\"1495\" \/>F\u00fcr diese fremden Inhalte \u00fcbernehmen wir keine Haftung.<\/p>\n<hr data-start=\"1552\" data-end=\"1555\" \/>\n<h2 data-start=\"1557\" data-end=\"1572\">\u00a0<\/h2>\n<h2 data-start=\"1557\" data-end=\"1572\">Urheberrecht<\/h2>\n<p data-start=\"1574\" data-end=\"1811\">Die durch die Seitenbetreiber erstellten Inhalte und Werke auf dieser Website unterliegen dem \u00f6sterreichischen Urheberrecht.<br data-start=\"1698\" data-end=\"1701\" \/>Eine Vervielf\u00e4ltigung, Bearbeitung oder Verbreitung bedarf der schriftlichen Zustimmung des jeweiligen Autors.<\/p>\n<hr data-start=\"1813\" data-end=\"1816\" \/>\n<h2 data-start=\"1818\" data-end=\"1858\">\u00a0<\/h2>\n<h2 data-start=\"1818\" data-end=\"1858\">Online-Streitbeilegung (OS-Plattform)<\/h2>\n<p data-start=\"1860\" data-end=\"1998\">Verbraucher haben die M\u00f6glichkeit, Beschwerden an die<br data-start=\"1913\" data-end=\"1916\" \/><strong data-start=\"1916\" data-end=\"1959\">Online-Streitbeilegungsplattform der EU<\/strong> zu richten:<br data-start=\"1971\" data-end=\"1974\" \/><a class=\"decorated-link cursor-pointer\" target=\"_new\" rel=\"noopener\" data-start=\"1974\" data-end=\"1998\">https:\/\/ec.europa.eu\/odr<\/a><\/p>\n<p data-start=\"2000\" data-end=\"2142\">Wir sind <strong data-start=\"2009\" data-end=\"2031\">nicht verpflichtet<\/strong> und <strong data-start=\"2036\" data-end=\"2052\">nicht bereit<\/strong>, an einem Streitbeilegungsverfahren vor einer Verbraucherschlichtungsstelle teilzunehmen.<\/p>\n<div id=\"urban-overlay\" style=\"left: -10px; top: -10px; width: 0px; height: 0px;\">\u00a0<\/div>\t\t\t\t\t\t\t\t<\/div>\n\t\t\t\t\t<\/div>\n\t\t\t\t<\/div>\n\t\t\t\t<\/div>\n\t\t","protected":false},"excerpt":{"rendered":"<p>Impressum \u00a0 Angaben gem\u00e4\u00df \u00a7 5 ECG, \u00a7 14 UGB und \u00a7 63 GewO Fago RestaurantZuzana Michalcsak und Duy Tung Nguyen Adresse:Urstein S\u00fcd 1A-5412 Puch\/Salzburg\u00d6sterreich E-Mail: info@restaurant-fago.at \u00a0 Unternehmensgegenstand Betrieb eines Gastronomiebetriebes \/ Restaurants \u00a0 Firmenbuch Firmenbuchnummer: FN 348138 vFirmenbuchgericht: Landesgericht Salzburg \u00a0 UID-Nummer UID-Nummer gem\u00e4\u00df \u00a7 27a Umsatzsteuergesetz:ATU65860099 \u00a0 Berufsrechtliche Vorschriften Gewerbeordnung (GewO)abrufbar unter: [&hellip;]<\/p>\n","protected":false},"author":1,"featured_media":0,"parent":0,"menu_order":0,"comment_status":"closed","ping_status":"closed","template":"","meta":{"footnotes":""},"class_list":["post-1561","page","type-page","status-publish","hentry"],"_links":{"self":[{"href":"https:\/\/restaurant-fago.at\/de\/wp-json\/wp\/v2\/pages\/1561","targetHints":{"allow":["GET"]}}],"collection":[{"href":"https:\/\/restaurant-fago.at\/de\/wp-json\/wp\/v2\/pages"}],"about":[{"href":"https:\/\/restaurant-fago.at\/de\/wp-json\/wp\/v2\/types\/page"}],"author":[{"embeddable":true,"href":"https:\/\/restaurant-fago.at\/de\/wp-json\/wp\/v2\/users\/1"}],"replies":[{"embeddable":true,"href":"https:\/\/restaurant-fago.at\/de\/wp-json\/wp\/v2\/comments?post=1561"}],"version-history":[{"count":0,"href":"https:\/\/restaurant-fago.at\/de\/wp-json\/wp\/v2\/pages\/1561\/revisions"}],"wp:attachment":[{"href":"https:\/\/restaurant-fago.at\/de\/wp-json\/wp\/v2\/media?parent=1561"}],"curies":[{"name":"wp","href":"https:\/\/api.w.org\/{rel}","templated":true}]}}