{"id":228,"date":"2025-02-13T11:55:37","date_gmt":"2025-02-13T11:55:37","guid":{"rendered":"https:\/\/restaurant-fago.at\/?page_id=228"},"modified":"2025-12-17T03:24:13","modified_gmt":"2025-12-17T02:24:13","slug":"kontakt","status":"publish","type":"page","link":"https:\/\/restaurant-fago.at\/de\/kontakt\/","title":{"rendered":"Kontakt"},"content":{"rendered":"\t\t<div data-elementor-type=\"wp-page\" data-elementor-id=\"228\" class=\"elementor elementor-228\" data-elementor-post-type=\"page\">\n\t\t\t\t<div class=\"elementor-element elementor-element-5f82904 e-flex e-con-boxed e-con e-parent\" data-id=\"5f82904\" data-element_type=\"container\">\n\t\t\t\t\t<div class=\"e-con-inner\">\n\t\t<div class=\"elementor-element elementor-element-0b27da9 e-con-full e-flex e-con e-child\" data-id=\"0b27da9\" data-element_type=\"container\">\n\t\t<div class=\"elementor-element elementor-element-e80fabf e-con-full e-flex e-con e-child\" data-id=\"e80fabf\" data-element_type=\"container\">\n\t\t\t\t<div class=\"elementor-element elementor-element-ef9f941 elementor-widget elementor-widget-wdt-heading\" data-id=\"ef9f941\" data-element_type=\"widget\" data-settings=\"{&quot;title_vertical_align&quot;:&quot;center&quot;,&quot;subtitle_vertical_align&quot;:&quot;center&quot;,&quot;wdt_animation_effect&quot;:&quot;none&quot;}\" data-widget_type=\"wdt-heading.default\">\n\t\t\t\t<div class=\"elementor-widget-container\">\n\t\t\t\t\t<div class=\"wdt-heading-holder \" id=\"wdt-heading-ef9f941\"><div class=\"wdt-heading-subtitle-wrapper wdt-heading-align-center \"><span class=\"wdt-heading-subtitle\">Wie sie uns erreichen<\/span><\/div><h2 class=\"wdt-heading-title-wrapper wdt-heading-align-center wdt-heading-deco-wrapper\"><span class=\"wdt-heading-title\">Wir sind f\u00fcr Sie da<\/span><\/h2><\/div>\t\t\t\t<\/div>\n\t\t\t\t<\/div>\n\t\t\t\t<\/div>\n\t\t<div class=\"elementor-element elementor-element-94fd0d2 e-con-full elementor-hidden-mobile_extra elementor-hidden-mobile e-flex e-con e-child\" data-id=\"94fd0d2\" data-element_type=\"container\">\n\t\t\t\t<\/div>\n\t\t\t\t<\/div>\n\t\t\t\t<div class=\"elementor-element elementor-element-db2e06d wdt-custom-contact-style elementor-widget elementor-widget-wdt-advanced-slider\" data-id=\"db2e06d\" data-element_type=\"widget\" data-settings=\"{&quot;columns&quot;:&quot;3&quot;,&quot;columns_laptop&quot;:&quot;4&quot;,&quot;columns_tablet_extra&quot;:&quot;2&quot;,&quot;columns_mobile_extra&quot;:&quot;1&quot;,&quot;columns_tablet&quot;:2,&quot;columns_mobile&quot;:1,&quot;carousel_arrows_prev_arrow_vertical_align&quot;:&quot;flex-start&quot;,&quot;carousel_arrows_prev_arrow_vertical_top_indent&quot;:{&quot;unit&quot;:&quot;%&quot;,&quot;size&quot;:&quot;&quot;,&quot;sizes&quot;:[]},&quot;carousel_arrows_prev_arrow_vertical_top_indent_laptop&quot;:{&quot;unit&quot;:&quot;px&quot;,&quot;size&quot;:&quot;&quot;,&quot;sizes&quot;:[]},&quot;carousel_arrows_prev_arrow_vertical_top_indent_tablet_extra&quot;:{&quot;unit&quot;:&quot;px&quot;,&quot;size&quot;:&quot;&quot;,&quot;sizes&quot;:[]},&quot;carousel_arrows_prev_arrow_vertical_top_indent_tablet&quot;:{&quot;unit&quot;:&quot;%&quot;,&quot;size&quot;:&quot;&quot;,&quot;sizes&quot;:[]},&quot;carousel_arrows_prev_arrow_vertical_top_indent_mobile_extra&quot;:{&quot;unit&quot;:&quot;px&quot;,&quot;size&quot;:&quot;&quot;,&quot;sizes&quot;:[]},&quot;carousel_arrows_prev_arrow_vertical_top_indent_mobile&quot;:{&quot;unit&quot;:&quot;%&quot;,&quot;size&quot;:&quot;&quot;,&quot;sizes&quot;:[]},&quot;carousel_arrows_prev_arrow_horizontal_left_indent&quot;:{&quot;unit&quot;:&quot;%&quot;,&quot;size&quot;:&quot;&quot;,&quot;sizes&quot;:[]},&quot;carousel_arrows_prev_arrow_horizontal_left_indent_laptop&quot;:{&quot;unit&quot;:&quot;px&quot;,&quot;size&quot;:&quot;&quot;,&quot;sizes&quot;:[]},&quot;carousel_arrows_prev_arrow_horizontal_left_indent_tablet_extra&quot;:{&quot;unit&quot;:&quot;px&quot;,&quot;size&quot;:&quot;&quot;,&quot;sizes&quot;:[]},&quot;carousel_arrows_prev_arrow_horizontal_left_indent_tablet&quot;:{&quot;unit&quot;:&quot;%&quot;,&quot;size&quot;:&quot;&quot;,&quot;sizes&quot;:[]},&quot;carousel_arrows_prev_arrow_horizontal_left_indent_mobile_extra&quot;:{&quot;unit&quot;:&quot;px&quot;,&quot;size&quot;:&quot;&quot;,&quot;sizes&quot;:[]},&quot;carousel_arrows_prev_arrow_horizontal_left_indent_mobile&quot;:{&quot;unit&quot;:&quot;%&quot;,&quot;size&quot;:&quot;&quot;,&quot;sizes&quot;:[]},&quot;carousel_arrows_next_arrow_vertical_align&quot;:&quot;flex-start&quot;,&quot;carousel_arrows_next_arrow_vertical_top_indent&quot;:{&quot;unit&quot;:&quot;%&quot;,&quot;size&quot;:&quot;&quot;,&quot;sizes&quot;:[]},&quot;carousel_arrows_next_arrow_vertical_top_indent_laptop&quot;:{&quot;unit&quot;:&quot;px&quot;,&quot;size&quot;:&quot;&quot;,&quot;sizes&quot;:[]},&quot;carousel_arrows_next_arrow_vertical_top_indent_tablet_extra&quot;:{&quot;unit&quot;:&quot;px&quot;,&quot;size&quot;:&quot;&quot;,&quot;sizes&quot;:[]},&quot;carousel_arrows_next_arrow_vertical_top_indent_tablet&quot;:{&quot;unit&quot;:&quot;%&quot;,&quot;size&quot;:&quot;&quot;,&quot;sizes&quot;:[]},&quot;carousel_arrows_next_arrow_vertical_top_indent_mobile_extra&quot;:{&quot;unit&quot;:&quot;px&quot;,&quot;size&quot;:&quot;&quot;,&quot;sizes&quot;:[]},&quot;carousel_arrows_next_arrow_vertical_top_indent_mobile&quot;:{&quot;unit&quot;:&quot;%&quot;,&quot;size&quot;:&quot;&quot;,&quot;sizes&quot;:[]},&quot;carousel_arrows_next_arrow_horizontal_left_indent&quot;:{&quot;unit&quot;:&quot;%&quot;,&quot;size&quot;:&quot;&quot;,&quot;sizes&quot;:[]},&quot;carousel_arrows_next_arrow_horizontal_left_indent_laptop&quot;:{&quot;unit&quot;:&quot;px&quot;,&quot;size&quot;:&quot;&quot;,&quot;sizes&quot;:[]},&quot;carousel_arrows_next_arrow_horizontal_left_indent_tablet_extra&quot;:{&quot;unit&quot;:&quot;px&quot;,&quot;size&quot;:&quot;&quot;,&quot;sizes&quot;:[]},&quot;carousel_arrows_next_arrow_horizontal_left_indent_tablet&quot;:{&quot;unit&quot;:&quot;%&quot;,&quot;size&quot;:&quot;&quot;,&quot;sizes&quot;:[]},&quot;carousel_arrows_next_arrow_horizontal_left_indent_mobile_extra&quot;:{&quot;unit&quot;:&quot;px&quot;,&quot;size&quot;:&quot;&quot;,&quot;sizes&quot;:[]},&quot;carousel_arrows_next_arrow_horizontal_left_indent_mobile&quot;:{&quot;unit&quot;:&quot;%&quot;,&quot;size&quot;:&quot;&quot;,&quot;sizes&quot;:[]},&quot;wdt_animation_effect&quot;:&quot;none&quot;}\" data-widget_type=\"wdt-advanced-slider.default\">\n\t\t\t\t<div class=\"elementor-widget-container\">\n\t\t\t\t\t<div class=\"wdt-specifications-holder wdt-content-item-holder wdt-column-holder \" id=\"wdt-specifications-db2e06d\" data-settings=\"\"><div class=\"wdt-column-wrapper wdt-column-gap-custom \" data-column-settings=\"\" data-module-id=\"wdt-module-id-db2e06d\" id=\"wdt-module-id-db2e06d\"><div class=\"wdt-column\"><div class=\"wdt-content-item\"><div class=\"wdt-advanced-slider-block\"><div class=\"wdt-image-icon-group\"><div class=\"wdt-content-icon-wrapper \"><div class=\"wdt-content-icon\"><span><i><svg xmlns=\"http:\/\/www.w3.org\/2000\/svg\" xmlns:xlink=\"http:\/\/www.w3.org\/1999\/xlink\" x=\"0px\" y=\"0px\" viewBox=\"0 0 100 100\" xml:space=\"preserve\">\t<path d=\"M85.1,33.8C83.9,15.9,67.9,1,50,1h-0.3c-9.3,0.1-18,3.8-24.6,10.4C18.5,18.1,14.8,27,14.8,36.5c0,30.2,31.8,60.5,33.2,61.7  c0.6,0.5,1.3,0.8,2,0.8c0.7,0,1.4-0.3,2-0.8c1.4-1.3,33.2-31.5,33.2-61.7C85.2,35.6,85.2,34.7,85.1,33.8L85.1,33.8z M50,52.4  c-8.7,0-15.8-7.2-15.8-16s7.1-16,15.8-16c8.7,0,15.8,7.2,15.8,16S58.7,52.4,50,52.4z\"><\/path><\/svg><\/i><\/span><\/div><\/div><\/div><div class=\"wdt-content-detail-group\"><div class=\"wdt-content-title\"><h5 class=\"wdt-title-wrapper\">Adresse<\/h5><\/div><div class=\"wdt-content-description\">Urstein S\u00fcd 1, A-5412 Puch\/Salzburg\n\u00d6sterreich<\/div><\/div><\/div><\/div><\/div><div class=\"wdt-column\"><div class=\"wdt-content-item\"><div class=\"wdt-advanced-slider-block\"><div class=\"wdt-image-icon-group\"><div class=\"wdt-content-icon-wrapper \"><div class=\"wdt-content-icon\"><span><i><svg xmlns=\"http:\/\/www.w3.org\/2000\/svg\" viewBox=\"0 0 74.7 100\"><path d=\"M70,89.1c0,0.3,0,0.6,0,0.9c0,0.1,0,0.1,0.1,0.2c0,0,0.1,0.1,0.2,0.1h0.2c2,0,3.6,1.6,3.6,3.6v1.5c0,2-1.6,3.6-3.6,3.6h-66 c-2,0-3.6-1.6-3.6-3.6v-1.5c0-2,1.6-3.6,3.6-3.6h0.2c0.1,0,0.1,0,0.2-0.1c0,0,0.1-0.1,0.1-0.2c0-0.3,0-0.5,0-0.9c0-0.6,0-0.9,0-1.1 c0-9.3,2.6-17.9,7-24.7c3.9-6,9.1-10.5,15.1-13c-6-2.5-11.3-7.1-15.1-13C6.2,28.6,4.6,19.8,4.8,10c0-0.1,0-0.1-0.1-0.2 c0,0-0.1-0.1-0.2-0.1H4.4c-2,0-3.6-1.6-3.6-3.6V4.6c0-2,1.6-3.6,3.6-3.6h66c2,0,3.6,1.6,3.6,3.6v1.5c0,2-1.6,3.6-3.6,3.6h-0.2 c-0.1,0-0.1,0-0.2,0.1c0,0-0.1,0.1-0.1,0.2l0,0.3c0,0.3,0,0.7,0,1.1c0,0.6,0,0.9,0,1.1c0,9.3-2.6,17.9-7,24.7 c-3.9,6-9.1,10.5-15.1,13c6,2.5,11.3,7.1,15.1,13c4.4,6.8,7,15.4,7,24.7C70,88.2,70,88.5,70,89.1L70,89.1z M57.1,33.7 c1.1-1.6,2-3.3,2.8-5.1c0-0.1,0-0.2-0.1-0.3c-0.1-0.1-0.2-0.1-0.3,0c-7.6,6.9-18,11.2-29.4,11.2c-2.7,0-5.4-0.2-8-0.7 c-0.1,0-0.2,0-0.2,0.1c0,0.1,0,0.2,0,0.3c2.2,2.3,5.8,4.9,8.9,5.6c2.1,0.4,4.1,1.4,4.9,3.5c0.8,2,0.2,4.3-0.8,6.1 C27.6,68.8,13.3,63.1,11.7,85c0,0.1,0,0.1,0.1,0.2c0,0,0.1,0.1,0.2,0.1h50.8c0.1,0,0.1,0,0.2-0.1c0,0,0.1-0.1,0.1-0.2 c-1.6-21.8-15.9-16.2-23.2-30.6c-0.9-1.8-1.6-4.1-0.8-6.1c0.9-2.3,2.8-2.9,4.9-3.5C49.5,43.2,54,38.3,57.1,33.7L57.1,33.7z  M66.1,87.9c0-7.9-2-15.8-6.4-22.5c-4-6.2-9.7-10.7-16.1-12.5c-0.6-0.2-1.1-0.5-1.5-1c-0.4-0.5-0.6-1.1-0.6-1.7 c0-0.6,0.2-1.2,0.6-1.7c0.4-0.5,0.9-0.8,1.5-1c6.5-1.8,12.1-6.3,16.1-12.5c4-6.1,6.4-14,6.4-22.5c0-0.1,0-0.1-0.1-0.2 c0,0-0.1-0.1-0.2-0.1H8.9c-0.1,0-0.1,0-0.2,0.1c0,0-0.1,0.1-0.1,0.2c0,8.5,2.4,16.3,6.4,22.5c4,6.2,9.7,10.7,16.1,12.5 c0.6,0.2,1.1,0.5,1.5,1c0.4,0.5,0.6,1.1,0.6,1.7c0,0.6-0.2,1.2-0.6,1.7c-0.4,0.5-0.9,0.8-1.5,1c-6.5,1.8-12.1,6.3-16.1,12.5 C10.7,72.1,8.7,80,8.7,87.9c0,0.1,0,0.1,0.1,0.2c0,0,0.1,0.1,0.2,0.1h56.9c0.1,0,0.1,0,0.2-0.1C66,88.1,66.1,88,66.1,87.9z\"><\/path><\/svg><\/i><\/span><\/div><\/div><\/div><div class=\"wdt-content-detail-group\"><div class=\"wdt-content-title\"><h5 class=\"wdt-title-wrapper\">\u00d6ffnungszeiten<\/h5><\/div><div class=\"wdt-content-description\">Montag - Freitag : 09:00 - 14:00 Uhr Warme K\u00fcche: 10:30 - 13:30 Uhr<\/div><\/div><\/div><\/div><\/div><div class=\"wdt-column\"><div class=\"wdt-content-item\"><div class=\"wdt-advanced-slider-block\"><div class=\"wdt-image-icon-group\"><div class=\"wdt-content-icon-wrapper \"><div class=\"wdt-content-icon\"><span><i><svg xmlns=\"http:\/\/www.w3.org\/2000\/svg\" xmlns:xlink=\"http:\/\/www.w3.org\/1999\/xlink\" x=\"0px\" y=\"0px\" viewBox=\"0 0 100 100\" xml:space=\"preserve\">\t<path d=\"M38.7,46C38.7,46,38.7,46,38.7,46L38.7,46C38.8,46,38.8,46,38.7,46C38.8,46,38.8,46,38.7,46l3.7,3.4  c4.3,3.9,10.9,3.9,15.1,0l3.5-3.2l0.4-0.4l31.9-29.1c0.2-0.2,0.1-0.6-0.2-0.6H6.8c-0.3,0-0.5,0.4-0.2,0.6L38.7,46  C38.7,45.9,38.7,45.9,38.7,46C38.7,45.9,38.7,46,38.7,46C38.7,46,38.7,46,38.7,46z\"><\/path>\t<path d=\"M1.6,21.6C1.3,21.4,1,21.5,1,21.8v56.3c0,0.3,0.4,0.4,0.6,0.2L21,58.6c5.5-5.6,5.2-14.7-0.6-20L1.6,21.6z\"><\/path>\t<path d=\"M52.1,61.8C52.1,61.8,52.1,61.8,52.1,61.8c-0.6,0.6-1.3,0.8-2.1,0.8c-0.7,0-1.5-0.3-2.1-0.8l-6.9-6.5  c-2.4-2.2-6.1-2.1-8.3,0.2L6.6,83.3c-0.2,0.2-0.1,0.6,0.2,0.6h86.4c0.3,0,0.5-0.4,0.2-0.6L67.3,55.6c-2.2-2.4-6-2.5-8.3-0.2  L52.1,61.8C52.1,61.8,52.1,61.8,52.1,61.8z\"><\/path>\t<path d=\"M99,21.1C99,21.1,99,21.1,99,21.1L77.5,40.5c-4.7,4.2-4.9,11.6-0.5,16.1l21.4,21.8c0.2,0.2,0.6,0.1,0.6-0.2V21.8  C99,21.6,99,21.3,99,21.1C99,21.1,99,21.1,99,21.1z\"><\/path><\/svg><\/i><\/span><\/div><\/div><\/div><div class=\"wdt-content-detail-group\"><div class=\"wdt-content-title\"><h5 class=\"wdt-title-wrapper\">email<\/h5><\/div><div class=\"wdt-content-button-group\"><div class=\"wdt-content-button wdt-button-clone\"><a href=\"mailto:%20info@restaurant-fago.at\"><div class=\"wdt-button-text\"><span>info@restaurant-fago.at<\/span><\/div><\/a><\/div><div class=\"wdt-content-button wdt-button-clone\"><div class=\"wdt-button-text\"><span><\/span><\/div><\/div><\/div><\/div><\/div><\/div><\/div><\/div><\/div>\t\t\t\t<\/div>\n\t\t\t\t<\/div>\n\t\t\t\t\t<\/div>\n\t\t\t\t<\/div>\n\t\t<div class=\"elementor-element elementor-element-ae32f69 e-flex e-con-boxed e-con e-parent\" data-id=\"ae32f69\" data-element_type=\"container\">\n\t\t\t\t\t<div class=\"e-con-inner\">\n\t\t<div class=\"elementor-element elementor-element-2b59e47 e-con-full e-flex e-con e-child\" data-id=\"2b59e47\" data-element_type=\"container\">\n\t\t<div class=\"elementor-element elementor-element-80877a0 e-con-full e-flex e-con e-child\" data-id=\"80877a0\" data-element_type=\"container\">\n\t\t\t\t<div class=\"elementor-element elementor-element-e25a4e4 elementor-widget elementor-widget-wdt-heading\" data-id=\"e25a4e4\" data-element_type=\"widget\" data-settings=\"{&quot;title_vertical_align&quot;:&quot;center&quot;,&quot;subtitle_vertical_align&quot;:&quot;center&quot;,&quot;wdt_animation_effect&quot;:&quot;none&quot;}\" data-widget_type=\"wdt-heading.default\">\n\t\t\t\t<div class=\"elementor-widget-container\">\n\t\t\t\t\t<div class=\"wdt-heading-holder \" id=\"wdt-heading-e25a4e4\"><div class=\"wdt-heading-subtitle-wrapper wdt-heading-align-center \"><span class=\"wdt-heading-subtitle\">Kontakt & Standort.<\/span><\/div><h2 class=\"wdt-heading-title-wrapper wdt-heading-align-center wdt-heading-deco-wrapper\"><span class=\"wdt-heading-title\">Komm vorbei<\/span><\/h2><div class=\"wdt-heading-content-wrapper\">Du hast eine Frage oder planst deinen Besuch bei Fago? Melde dich gerne bei uns oder komm einfach vorbei \u2013 wir freuen uns darauf, dich bei uns willkommen zu hei\u00dfen.<\/div><\/div>\t\t\t\t<\/div>\n\t\t\t\t<\/div>\n\t\t\t\t<\/div>\n\t\t\t\t<\/div>\n\t\t<div class=\"elementor-element elementor-element-c115a7a e-con-full e-flex e-con e-child\" data-id=\"c115a7a\" data-element_type=\"container\" data-settings=\"{&quot;background_background&quot;:&quot;classic&quot;}\">\n\t\t\t\t<div class=\"elementor-element elementor-element-0de808b elementor-align-left elementor-align-left elementor-widget elementor-widget-wdt-google-map\" data-id=\"0de808b\" data-element_type=\"widget\" data-settings=\"{&quot;wdt_animation_effect&quot;:&quot;none&quot;}\" data-widget_type=\"wdt-google-map.default\">\n\t\t\t\t<div class=\"elementor-widget-container\">\n\t\t\t\t\t<div id=\"wdt-google-map-0de808b\" class=\"wdt-google-map-wrapper\"><div class=\"wdt-google-map\" data-options=\"{&quot;mapTypeId&quot;:&quot;roadmap&quot;,&quot;zoom&quot;:15,&quot;streetViewControl&quot;:false,&quot;mapTypeControl&quot;:false,&quot;zoomControl&quot;:false,&quot;fullscreenControl&quot;:false,&quot;scaleControl&quot;:false,&quot;rotateControl&quot;:false,&quot;scrollwheel&quot;:false,&quot;draggable&quot;:true,&quot;styles&quot;:&quot;[\\n  {\\n    \\&quot;elementType\\&quot;: \\&quot;geometry\\&quot;,\\n    \\&quot;stylers\\&quot;: [{ \\&quot;color\\&quot;: \\&quot;#6A6258\\&quot; }]\\n  },\\n  {\\n    \\&quot;elementType\\&quot;: \\&quot;geometry.stroke\\&quot;,\\n    \\&quot;stylers\\&quot;: [{ \\&quot;color\\&quot;: \\&quot;#443E37\\&quot; }]\\n  },\\n\\n  {\\n    \\&quot;elementType\\&quot;: \\&quot;labels.text.fill\\&quot;,\\n    \\&quot;stylers\\&quot;: [{ \\&quot;color\\&quot;: \\&quot;#E6DED7\\&quot; }]\\n  },\\n  {\\n    \\&quot;elementType\\&quot;: \\&quot;labels.text.stroke\\&quot;,\\n    \\&quot;stylers\\&quot;: [{ \\&quot;color\\&quot;: \\&quot;#443E37\\&quot; }]\\n  },\\n\\n  {\\n    \\&quot;featureType\\&quot;: \\&quot;poi\\&quot;,\\n    \\&quot;stylers\\&quot;: [{ \\&quot;visibility\\&quot;: \\&quot;off\\&quot; }]\\n  },\\n\\n  {\\n    \\&quot;featureType\\&quot;: \\&quot;road\\&quot;,\\n    \\&quot;elementType\\&quot;: \\&quot;geometry\\&quot;,\\n    \\&quot;stylers\\&quot;: [{ \\&quot;color\\&quot;: \\&quot;#5B534A\\&quot; }]\\n  },\\n  {\\n    \\&quot;featureType\\&quot;: \\&quot;road\\&quot;,\\n    \\&quot;elementType\\&quot;: \\&quot;geometry.stroke\\&quot;,\\n    \\&quot;stylers\\&quot;: [{ \\&quot;color\\&quot;: \\&quot;#3E3932\\&quot; }]\\n  },\\n\\n  {\\n    \\&quot;featureType\\&quot;: \\&quot;road.highway\\&quot;,\\n    \\&quot;elementType\\&quot;: \\&quot;geometry\\&quot;,\\n    \\&quot;stylers\\&quot;: [{ \\&quot;color\\&quot;: \\&quot;#7A6F66\\&quot; }]\\n  },\\n  {\\n    \\&quot;featureType\\&quot;: \\&quot;road.highway\\&quot;,\\n    \\&quot;elementType\\&quot;: \\&quot;geometry.stroke\\&quot;,\\n    \\&quot;stylers\\&quot;: [{ \\&quot;color\\&quot;: \\&quot;#2F2B26\\&quot; }]\\n  },\\n\\n  {\\n    \\&quot;featureType\\&quot;: \\&quot;water\\&quot;,\\n    \\&quot;elementType\\&quot;: \\&quot;geometry\\&quot;,\\n    \\&quot;stylers\\&quot;: [{ \\&quot;color\\&quot;: \\&quot;#4F4841\\&quot; }]\\n  }\\n]\\n&quot;,&quot;center&quot;:{&quot;lat&quot;:47.72404399999999924375515547581017017364501953125,&quot;lng&quot;:13.08617100000000021964297047816216945648193359375}}\" data-markers=\"[{&quot;key&quot;:&quot;e22d021&quot;,&quot;latitude&quot;:&quot;47.724044&quot;,&quot;longitude&quot;:&quot;13.086171&quot;,&quot;title&quot;:&quot;Restaurant Fago&quot;,&quot;desc&quot;:&quot;&lt;div id=\\&quot;urban-overlay\\&quot; style=\\&quot;left: -10px; top: -10px; width: 0px; height: 0px;\\&quot;&gt;\\u00a0&lt;\\\/div&gt;&quot;,&quot;show_info_window&quot;:&quot;yes&quot;,&quot;load_info_window&quot;:&quot;click&quot;,&quot;marker_additional_details_type&quot;:&quot;default&quot;,&quot;marker_additional_details_default&quot;:&quot;&lt;div id=\\&quot;urban-overlay\\&quot; style=\\&quot;left: -10px; top: -10px; width: 0px; height: 0px;\\&quot;&gt;\\u00a0&lt;\\\/div&gt;&quot;,&quot;marker_additional_details_template&quot;:null}]\" data-marker-animation=\"\" data-iw-max-width=\"240\"><\/div><\/div>\t\t\t\t<\/div>\n\t\t\t\t<\/div>\n\t\t\t\t<\/div>\n\t\t\t\t\t<\/div>\n\t\t\t\t<\/div>\n\t\t\t\t<\/div>\n\t\t","protected":false},"excerpt":{"rendered":"<p>Wie sie uns erreichen Wir sind f\u00fcr Sie da Adresse Urstein S\u00fcd 1, A-5412 Puch\/Salzburg \u00d6sterreich \u00d6ffnungszeiten Montag &#8211; Freitag : 09:00 &#8211; 14:00 Uhr Warme K\u00fcche: 10:30 &#8211; 13:30 Uhr email info@restaurant-fago.at Kontakt &#038; Standort. Komm vorbei Du hast eine Frage oder planst deinen Besuch bei Fago? Melde dich gerne bei uns oder komm [&hellip;]<\/p>\n","protected":false},"author":1,"featured_media":0,"parent":0,"menu_order":0,"comment_status":"closed","ping_status":"closed","template":"elementor_header_footer","meta":{"footnotes":""},"class_list":["post-228","page","type-page","status-publish","hentry"],"_links":{"self":[{"href":"https:\/\/restaurant-fago.at\/de\/wp-json\/wp\/v2\/pages\/228","targetHints":{"allow":["GET"]}}],"collection":[{"href":"https:\/\/restaurant-fago.at\/de\/wp-json\/wp\/v2\/pages"}],"about":[{"href":"https:\/\/restaurant-fago.at\/de\/wp-json\/wp\/v2\/types\/page"}],"author":[{"embeddable":true,"href":"https:\/\/restaurant-fago.at\/de\/wp-json\/wp\/v2\/users\/1"}],"replies":[{"embeddable":true,"href":"https:\/\/restaurant-fago.at\/de\/wp-json\/wp\/v2\/comments?post=228"}],"version-history":[{"count":0,"href":"https:\/\/restaurant-fago.at\/de\/wp-json\/wp\/v2\/pages\/228\/revisions"}],"wp:attachment":[{"href":"https:\/\/restaurant-fago.at\/de\/wp-json\/wp\/v2\/media?parent=228"}],"curies":[{"name":"wp","href":"https:\/\/api.w.org\/{rel}","templated":true}]}}