{"id":3,"date":"2025-12-13T01:59:42","date_gmt":"2025-12-13T00:59:42","guid":{"rendered":"https:\/\/restaurant-fago.at\/?page_id=3"},"modified":"2025-12-17T03:29:34","modified_gmt":"2025-12-17T02:29:34","slug":"datenschutzerklaerung","status":"publish","type":"page","link":"https:\/\/restaurant-fago.at\/de\/datenschutzerklaerung\/","title":{"rendered":"Datenschutzerkl\u00e4rung"},"content":{"rendered":"\t\t<div data-elementor-type=\"wp-page\" data-elementor-id=\"3\" class=\"elementor elementor-3\" data-elementor-post-type=\"page\">\n\t\t\t\t<div class=\"elementor-element elementor-element-b372649 e-flex e-con-boxed e-con e-parent\" data-id=\"b372649\" data-element_type=\"container\">\n\t\t\t\t\t<div class=\"e-con-inner\">\n\t\t\t\t<div class=\"elementor-element elementor-element-f579257 elementor-widget elementor-widget-text-editor\" data-id=\"f579257\" data-element_type=\"widget\" data-settings=\"{&quot;wdt_animation_effect&quot;:&quot;none&quot;}\" data-widget_type=\"text-editor.default\">\n\t\t\t\t\t\t\t\t\t\n<h1 class=\"wp-block-heading\" data-start=\"493\" data-end=\"517\">Datenschutzerkl\u00e4rung<\/h1>\n<p data-start=\"518\" data-end=\"538\"><em data-start=\"518\" data-end=\"538\">(Stand: 17.12.2025)<\/em><\/p>\n<p data-start=\"518\" data-end=\"538\">\u00a0<\/p>\n<p data-start=\"518\" data-end=\"538\">\u00a0<\/p>\n<h2 data-start=\"540\" data-end=\"565\">1. Allgemeine Hinweise<\/h2>\n<p data-start=\"567\" data-end=\"748\">Der Schutz Ihrer pers\u00f6nlichen Daten ist uns ein besonderes Anliegen.<br data-start=\"635\" data-end=\"638\" \/>Wir verarbeiten Ihre Daten daher ausschlie\u00dflich auf Grundlage der gesetzlichen Bestimmungen (DSGVO, TKG 2003).<\/p>\n<p data-start=\"750\" data-end=\"878\">In dieser Datenschutzerkl\u00e4rung informieren wir Sie \u00fcber die wichtigsten Aspekte der Datenverarbeitung im Rahmen unserer Website.<\/p>\n<hr data-start=\"880\" data-end=\"883\" \/>\n<h2 data-start=\"885\" data-end=\"907\">\u00a0<\/h2>\n<h2 data-start=\"885\" data-end=\"907\">2. Verantwortlicher<\/h2>\n<p data-start=\"909\" data-end=\"986\"><strong data-start=\"909\" data-end=\"928\">Restaurant Fago <\/strong><br data-start=\"928\" data-end=\"931\" \/><strong>{{Restaurant Fago\/ Betreiber}}<\/strong><br data-start=\"957\" data-end=\"960\" \/>Urstein S\u00fcd 1<br \/>A-5412 Puch\/Salzburg<br \/>\u00d6sterreich<\/p>\n<p data-start=\"988\" data-end=\"1037\">Telefon: {{Telefon}}<br data-start=\"1008\" data-end=\"1011\" \/>E-Mail: <a href=\"mailto:info@restaurant-fago.at\"><span class=\"elementor-icon-list-text\">info@restaurant-fago.at<\/span><\/a><\/p>\n<hr data-start=\"1039\" data-end=\"1042\" \/>\n<h2 data-start=\"1044\" data-end=\"1057\">\u00a0<\/h2>\n<h2 data-start=\"1044\" data-end=\"1057\">3. Hosting<\/h2>\n<p data-start=\"1059\" data-end=\"1282\">Unsere Website wird bei einem externen Hosting-Anbieter betrieben.<br data-start=\"1125\" data-end=\"1128\" \/>Dabei werden personenbezogene Daten (z. B. IP-Adressen, Zugriffszeiten) verarbeitet, die f\u00fcr den Betrieb und die Sicherheit der Website erforderlich sind.<\/p>\n<p data-start=\"1284\" data-end=\"1409\"><strong data-start=\"1284\" data-end=\"1304\">Rechtsgrundlage:<\/strong><br data-start=\"1304\" data-end=\"1307\" \/>Art. 6 Abs. 1 lit. f DSGVO (berechtigtes Interesse an einem sicheren und stabilen Betrieb der Website)<\/p>\n<hr data-start=\"1411\" data-end=\"1414\" \/>\n<h2 data-start=\"1416\" data-end=\"1453\">\u00a0<\/h2>\n<h2 data-start=\"1416\" data-end=\"1453\">4. Zugriffsdaten \/ Server-Logfiles<\/h2>\n<p data-start=\"1455\" data-end=\"1612\">Der Hosting-Provider erhebt und speichert automatisch Informationen in sogenannten Server-Logfiles, die Ihr Browser automatisch \u00fcbermittelt. Dies sind u. a.:<\/p>\n<ul data-start=\"1614\" data-end=\"1745\">\n<li data-start=\"1614\" data-end=\"1628\">\n<p data-start=\"1616\" data-end=\"1628\">IP-Adresse<\/p>\n<\/li>\n<li data-start=\"1629\" data-end=\"1663\">\n<p data-start=\"1631\" data-end=\"1663\">Datum und Uhrzeit des Zugriffs<\/p>\n<\/li>\n<li data-start=\"1664\" data-end=\"1697\">\n<p data-start=\"1666\" data-end=\"1697\">Browsertyp und Browserversion<\/p>\n<\/li>\n<li data-start=\"1698\" data-end=\"1728\">\n<p data-start=\"1700\" data-end=\"1728\">verwendetes Betriebssystem<\/p>\n<\/li>\n<li data-start=\"1729\" data-end=\"1745\">\n<p data-start=\"1731\" data-end=\"1745\">Referrer URL<\/p>\n<\/li>\n<\/ul>\n<p data-start=\"1747\" data-end=\"1859\">Diese Daten sind nicht bestimmten Personen zuordenbar und werden nicht mit anderen Datenquellen zusammengef\u00fchrt.<\/p>\n<hr data-start=\"1861\" data-end=\"1864\" \/>\n<h2 data-start=\"1866\" data-end=\"1884\">\u00a0<\/h2>\n<h2 data-start=\"1866\" data-end=\"1884\">5. Google Fonts<\/h2>\n<p data-start=\"1886\" data-end=\"2073\">Auf unserer Website werden <strong data-start=\"1913\" data-end=\"1929\">Google Fonts<\/strong> zur einheitlichen Darstellung von Schriftarten verwendet.<br data-start=\"1987\" data-end=\"1990\" \/>Beim Aufruf der Seite l\u00e4dt Ihr Browser die ben\u00f6tigten Fonts von Servern von Google.<\/p>\n<p data-start=\"2075\" data-end=\"2130\">Dabei kann Ihre IP-Adresse an Google \u00fcbertragen werden.<\/p>\n<p data-start=\"2132\" data-end=\"2213\">Anbieter:<br data-start=\"2141\" data-end=\"2144\" \/>Google Ireland Limited, Gordon House, Barrow Street, Dublin 4, Irland<\/p>\n<p data-start=\"2215\" data-end=\"2336\"><strong data-start=\"2215\" data-end=\"2235\">Rechtsgrundlage:<\/strong><br data-start=\"2235\" data-end=\"2238\" \/>Art. 6 Abs. 1 lit. f DSGVO (berechtigtes Interesse an einer ansprechenden Darstellung der Website)<\/p>\n<hr data-start=\"2440\" data-end=\"2443\" \/>\n<h2 data-start=\"2445\" data-end=\"2462\">\u00a0<\/h2>\n<h2 data-start=\"2445\" data-end=\"2462\">6. Google Maps<\/h2>\n<p data-start=\"2464\" data-end=\"2705\">Unsere Website verwendet <strong data-start=\"2489\" data-end=\"2504\">Google Maps<\/strong> zur Darstellung unseres Standorts.<br data-start=\"2539\" data-end=\"2542\" \/>Zur Nutzung der Funktionen von Google Maps ist es notwendig, Ihre IP-Adresse zu speichern. Diese Informationen werden in der Regel an Server von Google \u00fcbertragen.<\/p>\n<p data-start=\"2707\" data-end=\"2788\">Anbieter:<br data-start=\"2716\" data-end=\"2719\" \/>Google Ireland Limited, Gordon House, Barrow Street, Dublin 4, Irland<\/p>\n<p data-start=\"2790\" data-end=\"2912\"><strong data-start=\"2790\" data-end=\"2810\">Rechtsgrundlage:<\/strong><br data-start=\"2810\" data-end=\"2813\" \/>Art. 6 Abs. 1 lit. f DSGVO (berechtigtes Interesse an einer nutzerfreundlichen Standortdarstellung)<\/p>\n<p data-start=\"2914\" data-end=\"3009\">Weitere Informationen zur Datenverarbeitung durch Google:<br data-start=\"2971\" data-end=\"2974\" \/><a class=\"decorated-link\" href=\"https:\/\/policies.google.com\/privacy\" target=\"_new\" rel=\"noopener\" data-start=\"2974\" data-end=\"3009\">https:\/\/policies.google.com\/privacy<\/a><\/p>\n<hr data-start=\"3011\" data-end=\"3014\" \/>\n<h2 data-start=\"3016\" data-end=\"3037\">\u00a0<\/h2>\n<h2 data-start=\"3016\" data-end=\"3037\">7. Kontaktaufnahme<\/h2>\n<p data-start=\"3039\" data-end=\"3225\">Wenn Sie uns per E-Mail oder \u00fcber ein Kontaktformular kontaktieren, werden Ihre angegebenen Daten zwecks Bearbeitung der Anfrage und f\u00fcr den Fall von Anschlussfragen bei uns gespeichert.<\/p>\n<p data-start=\"3227\" data-end=\"3285\">Diese Daten geben wir nicht ohne Ihre Einwilligung weiter.<\/p>\n<p data-start=\"3287\" data-end=\"3387\"><strong data-start=\"3287\" data-end=\"3307\">Rechtsgrundlage:<\/strong><br data-start=\"3307\" data-end=\"3310\" \/>Art. 6 Abs. 1 lit. b DSGVO (Vertragserf\u00fcllung bzw. vorvertragliche Ma\u00dfnahmen)<\/p>\n<hr data-start=\"3389\" data-end=\"3392\" \/>\n<h2 data-start=\"3394\" data-end=\"3407\">\u00a0<\/h2>\n<h2 data-start=\"3394\" data-end=\"3407\">8. Cookies<\/h2>\n<p data-start=\"3409\" data-end=\"3632\">Unsere Website verwendet derzeit <strong data-start=\"3442\" data-end=\"3487\">keine technisch nicht notwendigen Cookies<\/strong>.<br data-start=\"3488\" data-end=\"3491\" \/>Sollten zuk\u00fcnftig Cookies eingesetzt werden, die nicht f\u00fcr den Betrieb der Website erforderlich sind, wird vorab Ihre Einwilligung eingeholt.<\/p>\n<hr data-start=\"3634\" data-end=\"3637\" \/>\n<h2 data-start=\"3639\" data-end=\"3656\">\u00a0<\/h2>\n<h2 data-start=\"3639\" data-end=\"3656\">9. Ihre Rechte<\/h2>\n<p data-start=\"3658\" data-end=\"3704\">Ihnen stehen grunds\u00e4tzlich folgende Rechte zu:<\/p>\n<ul data-start=\"3706\" data-end=\"3949\">\n<li data-start=\"3706\" data-end=\"3728\">\n<p data-start=\"3708\" data-end=\"3728\">Recht auf Auskunft<\/p>\n<\/li>\n<li data-start=\"3729\" data-end=\"3755\">\n<p data-start=\"3731\" data-end=\"3755\">Recht auf Berichtigung<\/p>\n<\/li>\n<li data-start=\"3756\" data-end=\"3778\">\n<p data-start=\"3758\" data-end=\"3778\">Recht auf L\u00f6schung<\/p>\n<\/li>\n<li data-start=\"3779\" data-end=\"3823\">\n<p data-start=\"3781\" data-end=\"3823\">Recht auf Einschr\u00e4nkung der Verarbeitung<\/p>\n<\/li>\n<li data-start=\"3824\" data-end=\"3858\">\n<p data-start=\"3826\" data-end=\"3858\">Recht auf Daten\u00fcbertragbarkeit<\/p>\n<\/li>\n<li data-start=\"3859\" data-end=\"3900\">\n<p data-start=\"3861\" data-end=\"3900\">Recht auf Widerruf einer Einwilligung<\/p>\n<\/li>\n<li data-start=\"3901\" data-end=\"3949\">\n<p data-start=\"3903\" data-end=\"3949\">Recht auf Widerspruch gegen die Verarbeitung<\/p>\n<\/li>\n<\/ul>\n<p data-start=\"3951\" data-end=\"4105\">Wenn Sie glauben, dass die Verarbeitung Ihrer Daten gegen das Datenschutzrecht verst\u00f6\u00dft, haben Sie das Recht, sich bei der Aufsichtsbeh\u00f6rde zu beschweren.<\/p>\n<p data-start=\"4107\" data-end=\"4246\"><strong data-start=\"4107\" data-end=\"4153\">Zust\u00e4ndige Aufsichtsbeh\u00f6rde in \u00d6sterreich:<\/strong><br data-start=\"4153\" data-end=\"4156\" \/>\u00d6sterreichische Datenschutzbeh\u00f6rde<br data-start=\"4190\" data-end=\"4193\" \/>Barichgasse 40\u201342<br data-start=\"4210\" data-end=\"4213\" \/>1030 Wien<br data-start=\"4222\" data-end=\"4225\" \/><a class=\"decorated-link\" href=\"https:\/\/www.dsb.gv.at\" target=\"_new\" rel=\"noopener\" data-start=\"4225\" data-end=\"4246\">https:\/\/www.dsb.gv.at<\/a><\/p>\n<hr data-start=\"4248\" data-end=\"4251\" \/>\n<h2 data-start=\"4253\" data-end=\"4298\">\u00a0<\/h2>\n<h2 data-start=\"4253\" data-end=\"4298\">10. \u00c4nderungen dieser Datenschutzerkl\u00e4rung<\/h2>\n<p data-start=\"4300\" data-end=\"4439\">Wir behalten uns vor, diese Datenschutzerkl\u00e4rung bei Bedarf anzupassen, damit sie stets den aktuellen rechtlichen Anforderungen entspricht.<code data-start=\"4595\" data-end=\"4606\"><\/code><\/p>\n<div id=\"urban-overlay\" style=\"left: -10px; top: -10px; width: 0px; height: 0px;\">\u00a0<\/div>\t\t\t\t\t\t\t\t<\/div>\n\t\t\t\t\t<\/div>\n\t\t\t\t<\/div>\n\t\t\t\t<\/div>\n\t\t","protected":false},"excerpt":{"rendered":"<p>Datenschutzerkl\u00e4rung (Stand: 17.12.2025) \u00a0 \u00a0 1. Allgemeine Hinweise Der Schutz Ihrer pers\u00f6nlichen Daten ist uns ein besonderes Anliegen.Wir verarbeiten Ihre Daten daher ausschlie\u00dflich auf Grundlage der gesetzlichen Bestimmungen (DSGVO, TKG 2003). In dieser Datenschutzerkl\u00e4rung informieren wir Sie \u00fcber die wichtigsten Aspekte der Datenverarbeitung im Rahmen unserer Website. \u00a0 2. Verantwortlicher Restaurant Fago {{Restaurant Fago\/ Betreiber}}Urstein [&hellip;]<\/p>\n","protected":false},"author":1,"featured_media":0,"parent":0,"menu_order":0,"comment_status":"closed","ping_status":"closed","template":"","meta":{"footnotes":""},"class_list":["post-3","page","type-page","status-publish","hentry"],"_links":{"self":[{"href":"https:\/\/restaurant-fago.at\/de\/wp-json\/wp\/v2\/pages\/3","targetHints":{"allow":["GET"]}}],"collection":[{"href":"https:\/\/restaurant-fago.at\/de\/wp-json\/wp\/v2\/pages"}],"about":[{"href":"https:\/\/restaurant-fago.at\/de\/wp-json\/wp\/v2\/types\/page"}],"author":[{"embeddable":true,"href":"https:\/\/restaurant-fago.at\/de\/wp-json\/wp\/v2\/users\/1"}],"replies":[{"embeddable":true,"href":"https:\/\/restaurant-fago.at\/de\/wp-json\/wp\/v2\/comments?post=3"}],"version-history":[{"count":0,"href":"https:\/\/restaurant-fago.at\/de\/wp-json\/wp\/v2\/pages\/3\/revisions"}],"wp:attachment":[{"href":"https:\/\/restaurant-fago.at\/de\/wp-json\/wp\/v2\/media?parent=3"}],"curies":[{"name":"wp","href":"https:\/\/api.w.org\/{rel}","templated":true}]}}