{"id":54,"date":"2025-02-06T12:00:36","date_gmt":"2025-02-06T12:00:36","guid":{"rendered":"https:\/\/restaurant-fago.at\/?page_id=54"},"modified":"2025-12-17T02:47:44","modified_gmt":"2025-12-17T01:47:44","slug":"galerie","status":"publish","type":"page","link":"https:\/\/restaurant-fago.at\/de\/galerie\/","title":{"rendered":"Galerie"},"content":{"rendered":"\t\t<div data-elementor-type=\"wp-page\" data-elementor-id=\"54\" class=\"elementor elementor-54\" data-elementor-post-type=\"page\">\n\t\t\t\t<div class=\"elementor-element elementor-element-8cf04d7 e-flex e-con-boxed e-con e-parent\" data-id=\"8cf04d7\" data-element_type=\"container\">\n\t\t\t\t\t<div class=\"e-con-inner\">\n\t\t<div class=\"elementor-element elementor-element-94f7c39 e-con-full e-flex e-con e-child\" data-id=\"94f7c39\" data-element_type=\"container\">\n\t\t<div class=\"elementor-element elementor-element-f8b829c e-con-full elementor-hidden-mobile_extra elementor-hidden-mobile e-flex e-con e-child\" data-id=\"f8b829c\" data-element_type=\"container\">\n\t\t\t\t<\/div>\n\t\t<div class=\"elementor-element elementor-element-c64655b e-con-full e-flex e-con e-child\" data-id=\"c64655b\" data-element_type=\"container\">\n\t\t\t\t<div class=\"elementor-element elementor-element-e23b7b1 elementor-widget__width-initial elementor-widget elementor-widget-wdt-heading\" data-id=\"e23b7b1\" data-element_type=\"widget\" data-settings=\"{&quot;title_vertical_align&quot;:&quot;center&quot;,&quot;subtitle_vertical_align&quot;:&quot;center&quot;,&quot;wdt_animation_effect&quot;:&quot;none&quot;}\" data-widget_type=\"wdt-heading.default\">\n\t\t\t\t<div class=\"elementor-widget-container\">\n\t\t\t\t\t<div class=\"wdt-heading-holder \" id=\"wdt-heading-e23b7b1\"><div class=\"wdt-heading-subtitle-wrapper wdt-heading-align-center \"><span class=\"wdt-heading-subtitle\">Frisch. Offen. Echt.<\/span><\/div><h2 class=\"wdt-heading-title-wrapper wdt-heading-align-center wdt-heading-deco-wrapper\"><span class=\"wdt-heading-title\">Das Restaurant Fago in Bildern<\/span><\/h2><div class=\"wdt-heading-content-wrapper\">Von kreativen Gerichten \u00fcber gem\u00fctliche Sitzpl\u00e4tze bis hin zu kleinen Details \u2013 unsere Galerie f\u00e4ngt die Atmosph\u00e4re ein, die Fago zu einem besonderen Ort macht.<\/div><\/div>\t\t\t\t<\/div>\n\t\t\t\t<\/div>\n\t\t\t\t<\/div>\n\t\t<div class=\"elementor-element elementor-element-9ca2955 e-con-full elementor-hidden-mobile_extra elementor-hidden-mobile e-flex e-con e-child\" data-id=\"9ca2955\" data-element_type=\"container\">\n\t\t\t\t<\/div>\n\t\t\t\t<\/div>\n\t\t<div class=\"elementor-element elementor-element-77549a3 e-con-full e-flex e-con e-child\" data-id=\"77549a3\" data-element_type=\"container\">\n\t\t\t\t<div class=\"elementor-element elementor-element-c5a58e9 elementor-widget elementor-widget-gallery\" data-id=\"c5a58e9\" data-element_type=\"widget\" data-settings=\"{&quot;gallery_layout&quot;:&quot;masonry&quot;,&quot;columns&quot;:6,&quot;gap&quot;:{&quot;unit&quot;:&quot;px&quot;,&quot;size&quot;:15,&quot;sizes&quot;:[]},&quot;lazyload&quot;:&quot;yes&quot;,&quot;columns_tablet&quot;:2,&quot;columns_mobile&quot;:1,&quot;gap_laptop&quot;:{&quot;unit&quot;:&quot;px&quot;,&quot;size&quot;:10,&quot;sizes&quot;:[]},&quot;gap_tablet_extra&quot;:{&quot;unit&quot;:&quot;px&quot;,&quot;size&quot;:10,&quot;sizes&quot;:[]},&quot;gap_tablet&quot;:{&quot;unit&quot;:&quot;px&quot;,&quot;size&quot;:10,&quot;sizes&quot;:[]},&quot;gap_mobile_extra&quot;:{&quot;unit&quot;:&quot;px&quot;,&quot;size&quot;:10,&quot;sizes&quot;:[]},&quot;gap_mobile&quot;:{&quot;unit&quot;:&quot;px&quot;,&quot;size&quot;:10,&quot;sizes&quot;:[]},&quot;link_to&quot;:&quot;file&quot;,&quot;overlay_background&quot;:&quot;yes&quot;,&quot;content_hover_animation&quot;:&quot;fade-in&quot;,&quot;wdt_animation_effect&quot;:&quot;none&quot;}\" data-widget_type=\"gallery.default\">\n\t\t\t\t\t\t\t<div class=\"elementor-gallery__container\">\n\t\t\t\t\t\t\t<a class=\"e-gallery-item elementor-gallery-item elementor-animated-content\" href=\"https:\/\/restaurant-fago.at\/wp-content\/uploads\/2025\/12\/schnitzel.jpg\" data-elementor-open-lightbox=\"yes\" data-elementor-lightbox-slideshow=\"c5a58e9\" data-e-action-hash=\"#elementor-action%3Aaction%3Dlightbox%26settings%3DeyJpZCI6MTM0MywidXJsIjoiaHR0cHM6XC9cL3Jlc3RhdXJhbnQtZmFnby5hdFwvd3AtY29udGVudFwvdXBsb2Fkc1wvMjAyNVwvMTJcL3NjaG5pdHplbC5qcGciLCJzbGlkZXNob3ciOiJjNWE1OGU5In0%3D\">\n\t\t\t\t\t<div class=\"e-gallery-image elementor-gallery-item__image\" data-thumbnail=\"https:\/\/restaurant-fago.at\/wp-content\/uploads\/2025\/12\/schnitzel-238x300.jpg\" data-width=\"238\" data-height=\"300\" aria-label=\"\" role=\"img\" ><\/div>\n\t\t\t\t\t\t\t\t\t\t\t<div class=\"elementor-gallery-item__overlay\"><\/div>\n\t\t\t\t\t\t\t\t\t\t\t\t\t\t<\/a>\n\t\t\t\t\t\t\t<a class=\"e-gallery-item elementor-gallery-item elementor-animated-content\" href=\"https:\/\/restaurant-fago.at\/wp-content\/uploads\/2025\/12\/essen.jpg\" data-elementor-open-lightbox=\"yes\" data-elementor-lightbox-slideshow=\"c5a58e9\" data-e-action-hash=\"#elementor-action%3Aaction%3Dlightbox%26settings%3DeyJpZCI6MTMzOSwidXJsIjoiaHR0cHM6XC9cL3Jlc3RhdXJhbnQtZmFnby5hdFwvd3AtY29udGVudFwvdXBsb2Fkc1wvMjAyNVwvMTJcL2Vzc2VuLmpwZyIsInNsaWRlc2hvdyI6ImM1YTU4ZTkifQ%3D%3D\">\n\t\t\t\t\t<div class=\"e-gallery-image elementor-gallery-item__image\" data-thumbnail=\"https:\/\/restaurant-fago.at\/wp-content\/uploads\/2025\/12\/essen-261x300.jpg\" data-width=\"261\" data-height=\"300\" aria-label=\"\" role=\"img\" ><\/div>\n\t\t\t\t\t\t\t\t\t\t\t<div class=\"elementor-gallery-item__overlay\"><\/div>\n\t\t\t\t\t\t\t\t\t\t\t\t\t\t<\/a>\n\t\t\t\t\t\t\t<a class=\"e-gallery-item elementor-gallery-item elementor-animated-content\" href=\"https:\/\/restaurant-fago.at\/wp-content\/uploads\/2025\/12\/stud_06.jpg\" data-elementor-open-lightbox=\"yes\" data-elementor-lightbox-slideshow=\"c5a58e9\" data-e-action-hash=\"#elementor-action%3Aaction%3Dlightbox%26settings%3DeyJpZCI6MTMzOCwidXJsIjoiaHR0cHM6XC9cL3Jlc3RhdXJhbnQtZmFnby5hdFwvd3AtY29udGVudFwvdXBsb2Fkc1wvMjAyNVwvMTJcL3N0dWRfMDYuanBnIiwic2xpZGVzaG93IjoiYzVhNThlOSJ9\">\n\t\t\t\t\t<div class=\"e-gallery-image elementor-gallery-item__image\" data-thumbnail=\"https:\/\/restaurant-fago.at\/wp-content\/uploads\/2025\/12\/stud_06-300x260.jpg\" data-width=\"300\" data-height=\"260\" aria-label=\"\" role=\"img\" ><\/div>\n\t\t\t\t\t\t\t\t\t\t\t<div class=\"elementor-gallery-item__overlay\"><\/div>\n\t\t\t\t\t\t\t\t\t\t\t\t\t\t<\/a>\n\t\t\t\t\t\t\t<a class=\"e-gallery-item elementor-gallery-item elementor-animated-content\" href=\"https:\/\/restaurant-fago.at\/wp-content\/uploads\/2025\/12\/stud_05.jpg\" data-elementor-open-lightbox=\"yes\" data-elementor-lightbox-slideshow=\"c5a58e9\" data-e-action-hash=\"#elementor-action%3Aaction%3Dlightbox%26settings%3DeyJpZCI6MTMzNywidXJsIjoiaHR0cHM6XC9cL3Jlc3RhdXJhbnQtZmFnby5hdFwvd3AtY29udGVudFwvdXBsb2Fkc1wvMjAyNVwvMTJcL3N0dWRfMDUuanBnIiwic2xpZGVzaG93IjoiYzVhNThlOSJ9\">\n\t\t\t\t\t<div class=\"e-gallery-image elementor-gallery-item__image\" data-thumbnail=\"https:\/\/restaurant-fago.at\/wp-content\/uploads\/2025\/12\/stud_05-300x260.jpg\" data-width=\"300\" data-height=\"260\" aria-label=\"\" role=\"img\" ><\/div>\n\t\t\t\t\t\t\t\t\t\t\t<div class=\"elementor-gallery-item__overlay\"><\/div>\n\t\t\t\t\t\t\t\t\t\t\t\t\t\t<\/a>\n\t\t\t\t\t\t\t<a class=\"e-gallery-item elementor-gallery-item elementor-animated-content\" href=\"https:\/\/restaurant-fago.at\/wp-content\/uploads\/2025\/12\/stud_04.jpg\" data-elementor-open-lightbox=\"yes\" data-elementor-lightbox-slideshow=\"c5a58e9\" data-e-action-hash=\"#elementor-action%3Aaction%3Dlightbox%26settings%3DeyJpZCI6MTMzNiwidXJsIjoiaHR0cHM6XC9cL3Jlc3RhdXJhbnQtZmFnby5hdFwvd3AtY29udGVudFwvdXBsb2Fkc1wvMjAyNVwvMTJcL3N0dWRfMDQuanBnIiwic2xpZGVzaG93IjoiYzVhNThlOSJ9\">\n\t\t\t\t\t<div class=\"e-gallery-image elementor-gallery-item__image\" data-thumbnail=\"https:\/\/restaurant-fago.at\/wp-content\/uploads\/2025\/12\/stud_04-300x224.jpg\" data-width=\"300\" data-height=\"224\" aria-label=\"\" role=\"img\" ><\/div>\n\t\t\t\t\t\t\t\t\t\t\t<div class=\"elementor-gallery-item__overlay\"><\/div>\n\t\t\t\t\t\t\t\t\t\t\t\t\t\t<\/a>\n\t\t\t\t\t\t\t<a class=\"e-gallery-item elementor-gallery-item elementor-animated-content\" href=\"https:\/\/restaurant-fago.at\/wp-content\/uploads\/2025\/02\/foto_022.jpg\" data-elementor-open-lightbox=\"yes\" data-elementor-lightbox-slideshow=\"c5a58e9\" data-e-action-hash=\"#elementor-action%3Aaction%3Dlightbox%26settings%3DeyJpZCI6MTMzMywidXJsIjoiaHR0cHM6XC9cL3Jlc3RhdXJhbnQtZmFnby5hdFwvd3AtY29udGVudFwvdXBsb2Fkc1wvMjAyNVwvMDJcL2ZvdG9fMDIyLmpwZyIsInNsaWRlc2hvdyI6ImM1YTU4ZTkifQ%3D%3D\">\n\t\t\t\t\t<div class=\"e-gallery-image elementor-gallery-item__image\" data-thumbnail=\"https:\/\/restaurant-fago.at\/wp-content\/uploads\/2025\/02\/foto_022-300x234.jpg\" data-width=\"300\" data-height=\"234\" aria-label=\"\" role=\"img\" ><\/div>\n\t\t\t\t\t\t\t\t\t\t\t<div class=\"elementor-gallery-item__overlay\"><\/div>\n\t\t\t\t\t\t\t\t\t\t\t\t\t\t<\/a>\n\t\t\t\t\t\t\t<a class=\"e-gallery-item elementor-gallery-item elementor-animated-content\" href=\"https:\/\/restaurant-fago.at\/wp-content\/uploads\/2025\/02\/table.jpg\" data-elementor-open-lightbox=\"yes\" data-elementor-lightbox-slideshow=\"c5a58e9\" data-e-action-hash=\"#elementor-action%3Aaction%3Dlightbox%26settings%3DeyJpZCI6MTMzMSwidXJsIjoiaHR0cHM6XC9cL3Jlc3RhdXJhbnQtZmFnby5hdFwvd3AtY29udGVudFwvdXBsb2Fkc1wvMjAyNVwvMDJcL3RhYmxlLmpwZyIsInNsaWRlc2hvdyI6ImM1YTU4ZTkifQ%3D%3D\">\n\t\t\t\t\t<div class=\"e-gallery-image elementor-gallery-item__image\" data-thumbnail=\"https:\/\/restaurant-fago.at\/wp-content\/uploads\/2025\/02\/table-300x239.jpg\" data-width=\"300\" data-height=\"239\" aria-label=\"\" role=\"img\" ><\/div>\n\t\t\t\t\t\t\t\t\t\t\t<div class=\"elementor-gallery-item__overlay\"><\/div>\n\t\t\t\t\t\t\t\t\t\t\t\t\t\t<\/a>\n\t\t\t\t\t\t\t<a class=\"e-gallery-item elementor-gallery-item elementor-animated-content\" href=\"https:\/\/restaurant-fago.at\/wp-content\/uploads\/2025\/02\/stud_03.jpg\" data-elementor-open-lightbox=\"yes\" data-elementor-lightbox-slideshow=\"c5a58e9\" data-e-action-hash=\"#elementor-action%3Aaction%3Dlightbox%26settings%3DeyJpZCI6MTMyOSwidXJsIjoiaHR0cHM6XC9cL3Jlc3RhdXJhbnQtZmFnby5hdFwvd3AtY29udGVudFwvdXBsb2Fkc1wvMjAyNVwvMDJcL3N0dWRfMDMuanBnIiwic2xpZGVzaG93IjoiYzVhNThlOSJ9\">\n\t\t\t\t\t<div class=\"e-gallery-image elementor-gallery-item__image\" data-thumbnail=\"https:\/\/restaurant-fago.at\/wp-content\/uploads\/2025\/02\/stud_03-300x222.jpg\" data-width=\"300\" data-height=\"222\" aria-label=\"\" role=\"img\" ><\/div>\n\t\t\t\t\t\t\t\t\t\t\t<div class=\"elementor-gallery-item__overlay\"><\/div>\n\t\t\t\t\t\t\t\t\t\t\t\t\t\t<\/a>\n\t\t\t\t\t\t\t<a class=\"e-gallery-item elementor-gallery-item elementor-animated-content\" href=\"https:\/\/restaurant-fago.at\/wp-content\/uploads\/2025\/02\/dfb66db7-b34f-4fca-80fd-e23dceebcfaa.jpg\" data-elementor-open-lightbox=\"yes\" data-elementor-lightbox-slideshow=\"c5a58e9\" data-e-action-hash=\"#elementor-action%3Aaction%3Dlightbox%26settings%3DeyJpZCI6MTMxNSwidXJsIjoiaHR0cHM6XC9cL3Jlc3RhdXJhbnQtZmFnby5hdFwvd3AtY29udGVudFwvdXBsb2Fkc1wvMjAyNVwvMDJcL2RmYjY2ZGI3LWIzNGYtNGZjYS04MGZkLWUyM2RjZWViY2ZhYS5qcGciLCJzbGlkZXNob3ciOiJjNWE1OGU5In0%3D\">\n\t\t\t\t\t<div class=\"e-gallery-image elementor-gallery-item__image\" data-thumbnail=\"https:\/\/restaurant-fago.at\/wp-content\/uploads\/2025\/02\/dfb66db7-b34f-4fca-80fd-e23dceebcfaa-225x300.jpg\" data-width=\"225\" data-height=\"300\" aria-label=\"\" role=\"img\" ><\/div>\n\t\t\t\t\t\t\t\t\t\t\t<div class=\"elementor-gallery-item__overlay\"><\/div>\n\t\t\t\t\t\t\t\t\t\t\t\t\t\t<\/a>\n\t\t\t\t\t\t\t<a class=\"e-gallery-item elementor-gallery-item elementor-animated-content\" href=\"https:\/\/restaurant-fago.at\/wp-content\/uploads\/2025\/02\/f7d65dd6-a644-43ad-bcba-2ac989cc607e.jpg\" data-elementor-open-lightbox=\"yes\" data-elementor-lightbox-slideshow=\"c5a58e9\" data-e-action-hash=\"#elementor-action%3Aaction%3Dlightbox%26settings%3DeyJpZCI6MTMxNiwidXJsIjoiaHR0cHM6XC9cL3Jlc3RhdXJhbnQtZmFnby5hdFwvd3AtY29udGVudFwvdXBsb2Fkc1wvMjAyNVwvMDJcL2Y3ZDY1ZGQ2LWE2NDQtNDNhZC1iY2JhLTJhYzk4OWNjNjA3ZS5qcGciLCJzbGlkZXNob3ciOiJjNWE1OGU5In0%3D\">\n\t\t\t\t\t<div class=\"e-gallery-image elementor-gallery-item__image\" data-thumbnail=\"https:\/\/restaurant-fago.at\/wp-content\/uploads\/2025\/02\/f7d65dd6-a644-43ad-bcba-2ac989cc607e-225x300.jpg\" data-width=\"225\" data-height=\"300\" aria-label=\"\" role=\"img\" ><\/div>\n\t\t\t\t\t\t\t\t\t\t\t<div class=\"elementor-gallery-item__overlay\"><\/div>\n\t\t\t\t\t\t\t\t\t\t\t\t\t\t<\/a>\n\t\t\t\t\t\t\t<a class=\"e-gallery-item elementor-gallery-item elementor-animated-content\" href=\"https:\/\/restaurant-fago.at\/wp-content\/uploads\/2025\/02\/f9b4eeb0-f62d-485b-9c8c-41794b1ef39d.jpg\" data-elementor-open-lightbox=\"yes\" data-elementor-lightbox-slideshow=\"c5a58e9\" data-e-action-hash=\"#elementor-action%3Aaction%3Dlightbox%26settings%3DeyJpZCI6MTMxNywidXJsIjoiaHR0cHM6XC9cL3Jlc3RhdXJhbnQtZmFnby5hdFwvd3AtY29udGVudFwvdXBsb2Fkc1wvMjAyNVwvMDJcL2Y5YjRlZWIwLWY2MmQtNDg1Yi05YzhjLTQxNzk0YjFlZjM5ZC5qcGciLCJzbGlkZXNob3ciOiJjNWE1OGU5In0%3D\">\n\t\t\t\t\t<div class=\"e-gallery-image elementor-gallery-item__image\" data-thumbnail=\"https:\/\/restaurant-fago.at\/wp-content\/uploads\/2025\/02\/f9b4eeb0-f62d-485b-9c8c-41794b1ef39d-300x182.jpg\" data-width=\"300\" data-height=\"182\" aria-label=\"\" role=\"img\" ><\/div>\n\t\t\t\t\t\t\t\t\t\t\t<div class=\"elementor-gallery-item__overlay\"><\/div>\n\t\t\t\t\t\t\t\t\t\t\t\t\t\t<\/a>\n\t\t\t\t\t\t\t<a class=\"e-gallery-item elementor-gallery-item elementor-animated-content\" href=\"https:\/\/restaurant-fago.at\/wp-content\/uploads\/2025\/02\/IMG_4652.jpg\" data-elementor-open-lightbox=\"yes\" data-elementor-lightbox-slideshow=\"c5a58e9\" data-e-action-hash=\"#elementor-action%3Aaction%3Dlightbox%26settings%3DeyJpZCI6MTMxOCwidXJsIjoiaHR0cHM6XC9cL3Jlc3RhdXJhbnQtZmFnby5hdFwvd3AtY29udGVudFwvdXBsb2Fkc1wvMjAyNVwvMDJcL0lNR180NjUyLmpwZyIsInNsaWRlc2hvdyI6ImM1YTU4ZTkifQ%3D%3D\">\n\t\t\t\t\t<div class=\"e-gallery-image elementor-gallery-item__image\" data-thumbnail=\"https:\/\/restaurant-fago.at\/wp-content\/uploads\/2025\/02\/IMG_4652-300x225.jpg\" data-width=\"300\" data-height=\"225\" aria-label=\"\" role=\"img\" ><\/div>\n\t\t\t\t\t\t\t\t\t\t\t<div class=\"elementor-gallery-item__overlay\"><\/div>\n\t\t\t\t\t\t\t\t\t\t\t\t\t\t<\/a>\n\t\t\t\t\t\t\t<a class=\"e-gallery-item elementor-gallery-item elementor-animated-content\" href=\"https:\/\/restaurant-fago.at\/wp-content\/uploads\/2025\/02\/IMG_4653.jpg\" data-elementor-open-lightbox=\"yes\" data-elementor-lightbox-slideshow=\"c5a58e9\" data-e-action-hash=\"#elementor-action%3Aaction%3Dlightbox%26settings%3DeyJpZCI6MTMxOSwidXJsIjoiaHR0cHM6XC9cL3Jlc3RhdXJhbnQtZmFnby5hdFwvd3AtY29udGVudFwvdXBsb2Fkc1wvMjAyNVwvMDJcL0lNR180NjUzLmpwZyIsInNsaWRlc2hvdyI6ImM1YTU4ZTkifQ%3D%3D\">\n\t\t\t\t\t<div class=\"e-gallery-image elementor-gallery-item__image\" data-thumbnail=\"https:\/\/restaurant-fago.at\/wp-content\/uploads\/2025\/02\/IMG_4653-300x225.jpg\" data-width=\"300\" data-height=\"225\" aria-label=\"\" role=\"img\" ><\/div>\n\t\t\t\t\t\t\t\t\t\t\t<div class=\"elementor-gallery-item__overlay\"><\/div>\n\t\t\t\t\t\t\t\t\t\t\t\t\t\t<\/a>\n\t\t\t\t\t\t\t<a class=\"e-gallery-item elementor-gallery-item elementor-animated-content\" href=\"https:\/\/restaurant-fago.at\/wp-content\/uploads\/2025\/02\/IMG_4654-e1765892194268.jpg\" data-elementor-open-lightbox=\"yes\" data-elementor-lightbox-slideshow=\"c5a58e9\" data-e-action-hash=\"#elementor-action%3Aaction%3Dlightbox%26settings%3DeyJpZCI6MTMyMCwidXJsIjoiaHR0cHM6XC9cL3Jlc3RhdXJhbnQtZmFnby5hdFwvd3AtY29udGVudFwvdXBsb2Fkc1wvMjAyNVwvMDJcL0lNR180NjU0LWUxNzY1ODkyMTk0MjY4LmpwZyIsInNsaWRlc2hvdyI6ImM1YTU4ZTkifQ%3D%3D\">\n\t\t\t\t\t<div class=\"e-gallery-image elementor-gallery-item__image\" data-thumbnail=\"https:\/\/restaurant-fago.at\/wp-content\/uploads\/2025\/02\/IMG_4654-e1765892194268-300x238.jpg\" data-width=\"300\" data-height=\"238\" aria-label=\"\" role=\"img\" ><\/div>\n\t\t\t\t\t\t\t\t\t\t\t<div class=\"elementor-gallery-item__overlay\"><\/div>\n\t\t\t\t\t\t\t\t\t\t\t\t\t\t<\/a>\n\t\t\t\t\t\t\t<a class=\"e-gallery-item elementor-gallery-item elementor-animated-content\" href=\"https:\/\/restaurant-fago.at\/wp-content\/uploads\/2025\/02\/PHOTO-2025-11-09-08-40-42_neu.jpg\" data-elementor-open-lightbox=\"yes\" data-elementor-lightbox-slideshow=\"c5a58e9\" data-e-action-hash=\"#elementor-action%3Aaction%3Dlightbox%26settings%3DeyJpZCI6MTMyMSwidXJsIjoiaHR0cHM6XC9cL3Jlc3RhdXJhbnQtZmFnby5hdFwvd3AtY29udGVudFwvdXBsb2Fkc1wvMjAyNVwvMDJcL1BIT1RPLTIwMjUtMTEtMDktMDgtNDAtNDJfbmV1LmpwZyIsInNsaWRlc2hvdyI6ImM1YTU4ZTkifQ%3D%3D\">\n\t\t\t\t\t<div class=\"e-gallery-image elementor-gallery-item__image\" data-thumbnail=\"https:\/\/restaurant-fago.at\/wp-content\/uploads\/2025\/02\/PHOTO-2025-11-09-08-40-42_neu-300x223.jpg\" data-width=\"300\" data-height=\"223\" aria-label=\"\" role=\"img\" ><\/div>\n\t\t\t\t\t\t\t\t\t\t\t<div class=\"elementor-gallery-item__overlay\"><\/div>\n\t\t\t\t\t\t\t\t\t\t\t\t\t\t<\/a>\n\t\t\t\t\t\t\t<a class=\"e-gallery-item elementor-gallery-item elementor-animated-content\" href=\"https:\/\/restaurant-fago.at\/wp-content\/uploads\/2025\/02\/82197491-424d-4a9e-a929-3889aa65d4b_stud.jpg\" data-elementor-open-lightbox=\"yes\" data-elementor-lightbox-slideshow=\"c5a58e9\" data-e-action-hash=\"#elementor-action%3Aaction%3Dlightbox%26settings%3DeyJpZCI6MTMyMywidXJsIjoiaHR0cHM6XC9cL3Jlc3RhdXJhbnQtZmFnby5hdFwvd3AtY29udGVudFwvdXBsb2Fkc1wvMjAyNVwvMDJcLzgyMTk3NDkxLTQyNGQtNGE5ZS1hOTI5LTM4ODlhYTY1ZDRiX3N0dWQuanBnIiwic2xpZGVzaG93IjoiYzVhNThlOSJ9\">\n\t\t\t\t\t<div class=\"e-gallery-image elementor-gallery-item__image\" data-thumbnail=\"https:\/\/restaurant-fago.at\/wp-content\/uploads\/2025\/02\/82197491-424d-4a9e-a929-3889aa65d4b_stud-300x210.jpg\" data-width=\"300\" data-height=\"210\" aria-label=\"\" role=\"img\" ><\/div>\n\t\t\t\t\t\t\t\t\t\t\t<div class=\"elementor-gallery-item__overlay\"><\/div>\n\t\t\t\t\t\t\t\t\t\t\t\t\t\t<\/a>\n\t\t\t\t\t\t\t<a class=\"e-gallery-item elementor-gallery-item elementor-animated-content\" href=\"https:\/\/restaurant-fago.at\/wp-content\/uploads\/2025\/02\/stud_01.jpg\" data-elementor-open-lightbox=\"yes\" data-elementor-lightbox-slideshow=\"c5a58e9\" data-e-action-hash=\"#elementor-action%3Aaction%3Dlightbox%26settings%3DeyJpZCI6MTMyNCwidXJsIjoiaHR0cHM6XC9cL3Jlc3RhdXJhbnQtZmFnby5hdFwvd3AtY29udGVudFwvdXBsb2Fkc1wvMjAyNVwvMDJcL3N0dWRfMDEuanBnIiwic2xpZGVzaG93IjoiYzVhNThlOSJ9\">\n\t\t\t\t\t<div class=\"e-gallery-image elementor-gallery-item__image\" data-thumbnail=\"https:\/\/restaurant-fago.at\/wp-content\/uploads\/2025\/02\/stud_01-300x249.jpg\" data-width=\"300\" data-height=\"249\" aria-label=\"\" role=\"img\" ><\/div>\n\t\t\t\t\t\t\t\t\t\t\t<div class=\"elementor-gallery-item__overlay\"><\/div>\n\t\t\t\t\t\t\t\t\t\t\t\t\t\t<\/a>\n\t\t\t\t\t\t\t<a class=\"e-gallery-item elementor-gallery-item elementor-animated-content\" href=\"https:\/\/restaurant-fago.at\/wp-content\/uploads\/2025\/02\/foto_02.jpg\" data-elementor-open-lightbox=\"yes\" data-elementor-lightbox-slideshow=\"c5a58e9\" data-e-action-hash=\"#elementor-action%3Aaction%3Dlightbox%26settings%3DeyJpZCI6MTMyNiwidXJsIjoiaHR0cHM6XC9cL3Jlc3RhdXJhbnQtZmFnby5hdFwvd3AtY29udGVudFwvdXBsb2Fkc1wvMjAyNVwvMDJcL2ZvdG9fMDIuanBnIiwic2xpZGVzaG93IjoiYzVhNThlOSJ9\">\n\t\t\t\t\t<div class=\"e-gallery-image elementor-gallery-item__image\" data-thumbnail=\"https:\/\/restaurant-fago.at\/wp-content\/uploads\/2025\/02\/foto_02-300x234.jpg\" data-width=\"300\" data-height=\"234\" aria-label=\"\" role=\"img\" ><\/div>\n\t\t\t\t\t\t\t\t\t\t\t<div class=\"elementor-gallery-item__overlay\"><\/div>\n\t\t\t\t\t\t\t\t\t\t\t\t\t\t<\/a>\n\t\t\t\t\t\t\t<a class=\"e-gallery-item elementor-gallery-item elementor-animated-content\" href=\"https:\/\/restaurant-fago.at\/wp-content\/uploads\/2025\/02\/stud_02.jpg\" data-elementor-open-lightbox=\"yes\" data-elementor-lightbox-slideshow=\"c5a58e9\" data-e-action-hash=\"#elementor-action%3Aaction%3Dlightbox%26settings%3DeyJpZCI6MTMyOCwidXJsIjoiaHR0cHM6XC9cL3Jlc3RhdXJhbnQtZmFnby5hdFwvd3AtY29udGVudFwvdXBsb2Fkc1wvMjAyNVwvMDJcL3N0dWRfMDIuanBnIiwic2xpZGVzaG93IjoiYzVhNThlOSJ9\">\n\t\t\t\t\t<div class=\"e-gallery-image elementor-gallery-item__image\" data-thumbnail=\"https:\/\/restaurant-fago.at\/wp-content\/uploads\/2025\/02\/stud_02-300x222.jpg\" data-width=\"300\" data-height=\"222\" aria-label=\"\" role=\"img\" ><\/div>\n\t\t\t\t\t\t\t\t\t\t\t<div class=\"elementor-gallery-item__overlay\"><\/div>\n\t\t\t\t\t\t\t\t\t\t\t\t\t\t<\/a>\n\t\t\t\t\t\t\t<a class=\"e-gallery-item elementor-gallery-item elementor-animated-content\" href=\"https:\/\/restaurant-fago.at\/wp-content\/uploads\/2025\/02\/aeaadbd1-7cbe-4676-adb8-8de296d879bf.jpg\" data-elementor-open-lightbox=\"yes\" data-elementor-lightbox-slideshow=\"c5a58e9\" data-e-action-hash=\"#elementor-action%3Aaction%3Dlightbox%26settings%3DeyJpZCI6MTMxMywidXJsIjoiaHR0cHM6XC9cL3Jlc3RhdXJhbnQtZmFnby5hdFwvd3AtY29udGVudFwvdXBsb2Fkc1wvMjAyNVwvMDJcL2FlYWFkYmQxLTdjYmUtNDY3Ni1hZGI4LThkZTI5NmQ4NzliZi5qcGciLCJzbGlkZXNob3ciOiJjNWE1OGU5In0%3D\">\n\t\t\t\t\t<div class=\"e-gallery-image elementor-gallery-item__image\" data-thumbnail=\"https:\/\/restaurant-fago.at\/wp-content\/uploads\/2025\/02\/aeaadbd1-7cbe-4676-adb8-8de296d879bf-300x188.jpg\" data-width=\"300\" data-height=\"188\" aria-label=\"\" role=\"img\" ><\/div>\n\t\t\t\t\t\t\t\t\t\t\t<div class=\"elementor-gallery-item__overlay\"><\/div>\n\t\t\t\t\t\t\t\t\t\t\t\t\t\t<\/a>\n\t\t\t\t\t<\/div>\n\t\t\t\t\t<\/div>\n\t\t\t\t<\/div>\n\t\t\t\t\t<\/div>\n\t\t\t\t<\/div>\n\t\t\t\t<\/div>\n\t\t","protected":false},"excerpt":{"rendered":"<p>Frisch. Offen. Echt. Das Restaurant Fago in Bildern Von kreativen Gerichten \u00fcber gem\u00fctliche Sitzpl\u00e4tze bis hin zu kleinen Details \u2013 unsere Galerie f\u00e4ngt die Atmosph\u00e4re ein, die Fago zu einem besonderen Ort macht.<\/p>\n","protected":false},"author":1,"featured_media":0,"parent":0,"menu_order":0,"comment_status":"closed","ping_status":"closed","template":"elementor_header_footer","meta":{"footnotes":""},"class_list":["post-54","page","type-page","status-publish","hentry"],"_links":{"self":[{"href":"https:\/\/restaurant-fago.at\/de\/wp-json\/wp\/v2\/pages\/54","targetHints":{"allow":["GET"]}}],"collection":[{"href":"https:\/\/restaurant-fago.at\/de\/wp-json\/wp\/v2\/pages"}],"about":[{"href":"https:\/\/restaurant-fago.at\/de\/wp-json\/wp\/v2\/types\/page"}],"author":[{"embeddable":true,"href":"https:\/\/restaurant-fago.at\/de\/wp-json\/wp\/v2\/users\/1"}],"replies":[{"embeddable":true,"href":"https:\/\/restaurant-fago.at\/de\/wp-json\/wp\/v2\/comments?post=54"}],"version-history":[{"count":0,"href":"https:\/\/restaurant-fago.at\/de\/wp-json\/wp\/v2\/pages\/54\/revisions"}],"wp:attachment":[{"href":"https:\/\/restaurant-fago.at\/de\/wp-json\/wp\/v2\/media?parent=54"}],"curies":[{"name":"wp","href":"https:\/\/api.w.org\/{rel}","templated":true}]}}