{"id":807,"date":"2025-03-26T04:32:16","date_gmt":"2025-03-26T04:32:16","guid":{"rendered":"https:\/\/restaurant-fago.at\/?page_id=807"},"modified":"2026-01-06T20:54:31","modified_gmt":"2026-01-06T19:54:31","slug":"ueber-uns","status":"publish","type":"page","link":"https:\/\/restaurant-fago.at\/de\/ueber-uns\/","title":{"rendered":"\u00dcber Uns"},"content":{"rendered":"\t\t<div data-elementor-type=\"wp-page\" data-elementor-id=\"807\" class=\"elementor elementor-807\" data-elementor-post-type=\"page\">\n\t\t\t\t<div class=\"elementor-element elementor-element-f3208fd e-flex e-con-boxed e-con e-parent\" data-id=\"f3208fd\" data-element_type=\"container\">\n\t\t\t\t\t<div class=\"e-con-inner\">\n\t\t\t\t<div class=\"elementor-element elementor-element-65e0fad elementor-absolute elementor-widget elementor-widget-image\" data-id=\"65e0fad\" data-element_type=\"widget\" data-settings=\"{&quot;_position&quot;:&quot;absolute&quot;,&quot;wdt_animation_effect&quot;:&quot;scroll&quot;,&quot;wdt_sle_parallax_y_direction&quot;:&quot;true&quot;,&quot;wdt_sle_parallax_y_depth&quot;:{&quot;unit&quot;:&quot;dpt&quot;,&quot;size&quot;:-150,&quot;sizes&quot;:[]},&quot;wdt_sle_parallax_y_depth_laptop&quot;:{&quot;unit&quot;:&quot;px&quot;,&quot;size&quot;:&quot;&quot;,&quot;sizes&quot;:[]},&quot;wdt_sle_parallax_y_depth_tablet_extra&quot;:{&quot;unit&quot;:&quot;px&quot;,&quot;size&quot;:&quot;&quot;,&quot;sizes&quot;:[]},&quot;wdt_sle_parallax_y_depth_tablet&quot;:{&quot;unit&quot;:&quot;px&quot;,&quot;size&quot;:&quot;&quot;,&quot;sizes&quot;:[]},&quot;wdt_sle_parallax_y_depth_mobile_extra&quot;:{&quot;unit&quot;:&quot;px&quot;,&quot;size&quot;:&quot;&quot;,&quot;sizes&quot;:[]},&quot;wdt_sle_parallax_y_depth_mobile&quot;:{&quot;unit&quot;:&quot;px&quot;,&quot;size&quot;:&quot;&quot;,&quot;sizes&quot;:[]}}\" data-widget_type=\"image.default\">\n\t\t\t\t\t\t\t\t\t\t\t\t\t\t\t<img fetchpriority=\"high\" decoding=\"async\" width=\"472\" height=\"553\" src=\"https:\/\/restaurant-fago.at\/wp-content\/uploads\/2025\/02\/flower-path-two-1.png\" class=\"attachment-full size-full wp-image-184\" alt=\"flower-path-two\" \/>\t\t\t\t\t\t\t\t\t\t\t\t\t\t\t<\/div>\n\t\t\t\t<div class=\"elementor-element elementor-element-399c9d5 elementor-absolute e-transform elementor-hidden-mobile_extra elementor-hidden-mobile elementor-widget elementor-widget-image\" data-id=\"399c9d5\" data-element_type=\"widget\" data-settings=\"{&quot;_position&quot;:&quot;absolute&quot;,&quot;wdt_animation_effect&quot;:&quot;scroll&quot;,&quot;wdt_sle_parallax_y_direction&quot;:&quot;true&quot;,&quot;wdt_sle_parallax_y_depth&quot;:{&quot;unit&quot;:&quot;dpt&quot;,&quot;size&quot;:100,&quot;sizes&quot;:[]},&quot;_transform_translateX_effect&quot;:{&quot;unit&quot;:&quot;%&quot;,&quot;size&quot;:45,&quot;sizes&quot;:[]},&quot;_transform_translateX_effect_laptop&quot;:{&quot;unit&quot;:&quot;%&quot;,&quot;size&quot;:&quot;&quot;,&quot;sizes&quot;:[]},&quot;_transform_translateX_effect_tablet_extra&quot;:{&quot;unit&quot;:&quot;%&quot;,&quot;size&quot;:&quot;&quot;,&quot;sizes&quot;:[]},&quot;_transform_translateX_effect_tablet&quot;:{&quot;unit&quot;:&quot;%&quot;,&quot;size&quot;:&quot;&quot;,&quot;sizes&quot;:[]},&quot;_transform_translateX_effect_mobile_extra&quot;:{&quot;unit&quot;:&quot;%&quot;,&quot;size&quot;:&quot;&quot;,&quot;sizes&quot;:[]},&quot;_transform_translateX_effect_mobile&quot;:{&quot;unit&quot;:&quot;%&quot;,&quot;size&quot;:&quot;&quot;,&quot;sizes&quot;:[]},&quot;wdt_sle_parallax_y_depth_laptop&quot;:{&quot;unit&quot;:&quot;px&quot;,&quot;size&quot;:&quot;&quot;,&quot;sizes&quot;:[]},&quot;wdt_sle_parallax_y_depth_tablet_extra&quot;:{&quot;unit&quot;:&quot;px&quot;,&quot;size&quot;:&quot;&quot;,&quot;sizes&quot;:[]},&quot;wdt_sle_parallax_y_depth_tablet&quot;:{&quot;unit&quot;:&quot;px&quot;,&quot;size&quot;:&quot;&quot;,&quot;sizes&quot;:[]},&quot;wdt_sle_parallax_y_depth_mobile_extra&quot;:{&quot;unit&quot;:&quot;px&quot;,&quot;size&quot;:&quot;&quot;,&quot;sizes&quot;:[]},&quot;wdt_sle_parallax_y_depth_mobile&quot;:{&quot;unit&quot;:&quot;px&quot;,&quot;size&quot;:&quot;&quot;,&quot;sizes&quot;:[]},&quot;_transform_translateY_effect&quot;:{&quot;unit&quot;:&quot;px&quot;,&quot;size&quot;:&quot;&quot;,&quot;sizes&quot;:[]},&quot;_transform_translateY_effect_laptop&quot;:{&quot;unit&quot;:&quot;px&quot;,&quot;size&quot;:&quot;&quot;,&quot;sizes&quot;:[]},&quot;_transform_translateY_effect_tablet_extra&quot;:{&quot;unit&quot;:&quot;px&quot;,&quot;size&quot;:&quot;&quot;,&quot;sizes&quot;:[]},&quot;_transform_translateY_effect_tablet&quot;:{&quot;unit&quot;:&quot;px&quot;,&quot;size&quot;:&quot;&quot;,&quot;sizes&quot;:[]},&quot;_transform_translateY_effect_mobile_extra&quot;:{&quot;unit&quot;:&quot;px&quot;,&quot;size&quot;:&quot;&quot;,&quot;sizes&quot;:[]},&quot;_transform_translateY_effect_mobile&quot;:{&quot;unit&quot;:&quot;px&quot;,&quot;size&quot;:&quot;&quot;,&quot;sizes&quot;:[]}}\" data-widget_type=\"image.default\">\n\t\t\t\t\t\t\t\t\t\t\t\t\t\t\t<img decoding=\"async\" width=\"500\" height=\"500\" src=\"https:\/\/restaurant-fago.at\/wp-content\/uploads\/2025\/02\/about-bnr-clip-image-1.png\" class=\"attachment-full size-full wp-image-346\" alt=\"about-bnr-clip-image\" srcset=\"https:\/\/restaurant-fago.at\/wp-content\/uploads\/2025\/02\/about-bnr-clip-image-1.png 500w, https:\/\/restaurant-fago.at\/wp-content\/uploads\/2025\/02\/about-bnr-clip-image-1-100x100.png 100w\" sizes=\"(max-width: 500px) 100vw, 500px\" \/>\t\t\t\t\t\t\t\t\t\t\t\t\t\t\t<\/div>\n\t\t<div class=\"elementor-element elementor-element-5fdae60 e-con-full e-flex e-con e-child\" data-id=\"5fdae60\" data-element_type=\"container\">\n\t\t\t\t<div class=\"elementor-element elementor-element-db3ac37 elementor-widget elementor-widget-image\" data-id=\"db3ac37\" data-element_type=\"widget\" data-settings=\"{&quot;wdt_animation_effect&quot;:&quot;none&quot;}\" data-widget_type=\"image.default\">\n\t\t\t\t\t\t\t\t\t\t\t\t\t\t\t<img decoding=\"async\" width=\"1058\" height=\"1481\" src=\"https:\/\/restaurant-fago.at\/wp-content\/uploads\/2026\/01\/4.jpg\" class=\"attachment-full size-full wp-image-1637\" alt=\"\" srcset=\"https:\/\/restaurant-fago.at\/wp-content\/uploads\/2026\/01\/4.jpg 1058w, https:\/\/restaurant-fago.at\/wp-content\/uploads\/2026\/01\/4-214x300.jpg 214w, https:\/\/restaurant-fago.at\/wp-content\/uploads\/2026\/01\/4-732x1024.jpg 732w, https:\/\/restaurant-fago.at\/wp-content\/uploads\/2026\/01\/4-768x1075.jpg 768w, https:\/\/restaurant-fago.at\/wp-content\/uploads\/2026\/01\/4-9x12.jpg 9w\" sizes=\"(max-width: 1058px) 100vw, 1058px\" \/>\t\t\t\t\t\t\t\t\t\t\t\t\t\t\t<\/div>\n\t\t\t\t<\/div>\n\t\t<div class=\"elementor-element elementor-element-818a662 e-con-full e-flex e-con e-child\" data-id=\"818a662\" data-element_type=\"container\">\n\t\t\t\t<div class=\"elementor-element elementor-element-39d8387 elementor-widget__width-initial elementor-widget elementor-widget-wdt-heading\" data-id=\"39d8387\" data-element_type=\"widget\" data-settings=\"{&quot;title_vertical_align&quot;:&quot;center&quot;,&quot;subtitle_vertical_align&quot;:&quot;center&quot;,&quot;wdt_animation_effect&quot;:&quot;none&quot;}\" data-widget_type=\"wdt-heading.default\">\n\t\t\t\t<div class=\"elementor-widget-container\">\n\t\t\t\t\t<div class=\"wdt-heading-holder \" id=\"wdt-heading-39d8387\"><div class=\"wdt-heading-subtitle-wrapper wdt-heading-align-center \"><span class=\"wdt-heading-subtitle\">Essen, das verbindet.<\/span><\/div><h2 class=\"wdt-heading-title-wrapper wdt-heading-align-center wdt-heading-deco-wrapper\"><span class=\"wdt-heading-title\">Ein Ort <span class=\"wdt-heading-colored-elements\">f\u00fcr&nbsp;<\/span><span class=\"wdt-heading-colored-elements\">guten&nbsp;<\/span>Geschmack<\/span><\/h2><\/div>\t\t\t\t<\/div>\n\t\t\t\t<\/div>\n\t\t\t\t<div class=\"elementor-element elementor-element-55f9bdd elementor-widget elementor-widget-text-editor\" data-id=\"55f9bdd\" data-element_type=\"widget\" data-settings=\"{&quot;wdt_animation_effect&quot;:&quot;none&quot;}\" data-widget_type=\"text-editor.default\">\n\t\t\t\t\t\t\t\t\t<p data-start=\"1060\" data-end=\"1218\">Willkommen bei <strong data-start=\"1075\" data-end=\"1083\">Fago<\/strong> \u2013 deinem kulinarischen Treffpunkt direkt an der Fachhochschule Salzburg.<br data-start=\"1156\" data-end=\"1159\" \/>Wir glauben daran, dass gutes Essen Menschen verbindet.<\/p><p data-start=\"1225\" data-end=\"1395\">Ob du zwischen Vorlesungen neue Energie tanken m\u00f6chtest, mit Kolleg*innen entspannst oder dir einfach eine bewusste Mittagspause g\u00f6nnst \u2013 bei uns bist du genau richtig.<\/p><p data-start=\"1402\" data-end=\"1669\">Unsere K\u00fcche verbindet frische Zutaten, regionale Produkte und kreative Ideen zu Gerichten, die schmecken und guttun. Von schnellen Snacks \u00fcber abwechslungsreiche Mittagsgerichte bis hin zu vegetarischen und veganen Optionen \u2013 bei Fago findet jeder etwas Passendes.<\/p><p data-start=\"1676\" data-end=\"1897\">Fago ist mehr als ein Restaurant. Es ist ein Ort zum Ankommen, Abschalten und Wohlf\u00fchlen. Offen f\u00fcr Studierende, Mitarbeitende und alle Menschen aus der Umgebung, die gutes Essen und eine entspannte Atmosph\u00e4re sch\u00e4tzen.<\/p><p data-start=\"1904\" data-end=\"1986\">Komm vorbei, mach es dir bequem und genie\u00df den Moment \u2013 wir freuen uns auf dich.<\/p><p data-start=\"1993\" data-end=\"2011\"><strong data-start=\"1993\" data-end=\"2011\">Dein Fago Team<\/strong><\/p>\t\t\t\t\t\t\t\t<\/div>\n\t\t\t\t<\/div>\n\t\t\t\t\t<\/div>\n\t\t\t\t<\/div>\n\t\t<div class=\"elementor-element elementor-element-8a0ab5e e-flex e-con-boxed e-con e-parent\" data-id=\"8a0ab5e\" data-element_type=\"container\">\n\t\t\t\t\t<div class=\"e-con-inner\">\n\t\t\t\t\t<\/div>\n\t\t\t\t<\/div>\n\t\t\t\t<\/div>\n\t\t","protected":false},"excerpt":{"rendered":"<p>Essen, das verbindet. Ein Ort f\u00fcr&nbsp;guten&nbsp;Geschmack Willkommen bei Fago \u2013 deinem kulinarischen Treffpunkt direkt an der Fachhochschule Salzburg.Wir glauben daran, dass gutes Essen Menschen verbindet. Ob du zwischen Vorlesungen neue Energie tanken m\u00f6chtest, mit Kolleg*innen entspannst oder dir einfach eine bewusste Mittagspause g\u00f6nnst \u2013 bei uns bist du genau richtig. Unsere K\u00fcche verbindet frische Zutaten, [&hellip;]<\/p>\n","protected":false},"author":1,"featured_media":0,"parent":0,"menu_order":0,"comment_status":"closed","ping_status":"closed","template":"elementor_header_footer","meta":{"footnotes":""},"class_list":["post-807","page","type-page","status-publish","hentry"],"_links":{"self":[{"href":"https:\/\/restaurant-fago.at\/de\/wp-json\/wp\/v2\/pages\/807","targetHints":{"allow":["GET"]}}],"collection":[{"href":"https:\/\/restaurant-fago.at\/de\/wp-json\/wp\/v2\/pages"}],"about":[{"href":"https:\/\/restaurant-fago.at\/de\/wp-json\/wp\/v2\/types\/page"}],"author":[{"embeddable":true,"href":"https:\/\/restaurant-fago.at\/de\/wp-json\/wp\/v2\/users\/1"}],"replies":[{"embeddable":true,"href":"https:\/\/restaurant-fago.at\/de\/wp-json\/wp\/v2\/comments?post=807"}],"version-history":[{"count":0,"href":"https:\/\/restaurant-fago.at\/de\/wp-json\/wp\/v2\/pages\/807\/revisions"}],"wp:attachment":[{"href":"https:\/\/restaurant-fago.at\/de\/wp-json\/wp\/v2\/media?parent=807"}],"curies":[{"name":"wp","href":"https:\/\/api.w.org\/{rel}","templated":true}]}}