{"id":3,"date":"2025-12-13T01:59:42","date_gmt":"2025-12-13T00:59:42","guid":{"rendered":"https:\/\/restaurant-fago.at\/?page_id=3"},"modified":"2025-12-17T03:29:34","modified_gmt":"2025-12-17T02:29:34","slug":"data-protection-declaration","status":"publish","type":"page","link":"https:\/\/restaurant-fago.at\/en\/data-protection-declaration\/","title":{"rendered":"Privacy policy"},"content":{"rendered":"<div data-elementor-type=\"wp-page\" data-elementor-id=\"3\" class=\"elementor elementor-3\" data-elementor-post-type=\"page\">\n\t\t\t\t<div class=\"elementor-element elementor-element-b372649 e-flex e-con-boxed e-con e-parent\" data-id=\"b372649\" data-element_type=\"container\">\n\t\t\t\t\t<div class=\"e-con-inner\">\n\t\t\t\t<div class=\"elementor-element elementor-element-f579257 elementor-widget elementor-widget-text-editor\" data-id=\"f579257\" data-element_type=\"widget\" data-settings=\"{&quot;wdt_animation_effect&quot;:&quot;none&quot;}\" data-widget_type=\"text-editor.default\">\n\t\t\t\t\t\t\t\t\t\n<h1 class=\"wp-block-heading\" data-start=\"493\" data-end=\"517\">Privacy policy<\/h1>\n<p data-start=\"518\" data-end=\"538\"><em data-start=\"518\" data-end=\"538\">(as at: 17.12.2025)<\/em><\/p>\n<p data-start=\"518\" data-end=\"538\">\u00a0<\/p>\n<p data-start=\"518\" data-end=\"538\">\u00a0<\/p>\n<h2 data-start=\"540\" data-end=\"565\">1. general information<\/h2>\n<p data-start=\"567\" data-end=\"748\">The protection of your personal data is of particular concern to us.<br data-start=\"635\" data-end=\"638\" \/>We therefore process your data exclusively on the basis of the statutory provisions (GDPR, TKG 2003).<\/p>\n<p data-start=\"750\" data-end=\"878\">In this privacy policy, we inform you about the most important aspects of data processing within the scope of our website.<\/p>\n<hr data-start=\"880\" data-end=\"883\" \/>\n<h2 data-start=\"885\" data-end=\"907\">\u00a0<\/h2>\n<h2 data-start=\"885\" data-end=\"907\">2. responsible person<\/h2>\n<p data-start=\"909\" data-end=\"986\"><strong data-start=\"909\" data-end=\"928\">Restaurant Fago <\/strong><br data-start=\"928\" data-end=\"931\" \/><strong>{{Restaurant Fago\/ operator}}<\/strong><br data-start=\"957\" data-end=\"960\" \/>Urstein South 1<br \/>A-5412 Puch\/Salzburg<br \/>Austria<\/p>\n<p data-start=\"988\" data-end=\"1037\">Phone: {{Telephone}}<br data-start=\"1008\" data-end=\"1011\" \/>E-Mail: <a href=\"mailto:info@restaurant-fago.at\"><span class=\"elementor-icon-list-text\">info@restaurant-fago.at<\/span><\/a><\/p>\n<hr data-start=\"1039\" data-end=\"1042\" \/>\n<h2 data-start=\"1044\" data-end=\"1057\">\u00a0<\/h2>\n<h2 data-start=\"1044\" data-end=\"1057\">3. hosting<\/h2>\n<p data-start=\"1059\" data-end=\"1282\">Our website is operated by an external hosting provider.<br data-start=\"1125\" data-end=\"1128\" \/>This involves processing personal data (e.g. IP addresses, access times) that is required for the operation and security of the website.<\/p>\n<p data-start=\"1284\" data-end=\"1409\"><strong data-start=\"1284\" data-end=\"1304\">Legal basis:<\/strong><br data-start=\"1304\" data-end=\"1307\" \/>Art. 6 para. 1 lit. f GDPR (legitimate interest in the secure and stable operation of the website)<\/p>\n<hr data-start=\"1411\" data-end=\"1414\" \/>\n<h2 data-start=\"1416\" data-end=\"1453\">\u00a0<\/h2>\n<h2 data-start=\"1416\" data-end=\"1453\">4. access data \/ server log files<\/h2>\n<p data-start=\"1455\" data-end=\"1612\">The hosting provider automatically collects and stores information in so-called server log files, which your browser automatically transmits. This information includes<\/p>\n<ul data-start=\"1614\" data-end=\"1745\">\n<li data-start=\"1614\" data-end=\"1628\">\n<p data-start=\"1616\" data-end=\"1628\">IP address<\/p>\n<\/li>\n<li data-start=\"1629\" data-end=\"1663\">\n<p data-start=\"1631\" data-end=\"1663\">Date and time of access<\/p>\n<\/li>\n<li data-start=\"1664\" data-end=\"1697\">\n<p data-start=\"1666\" data-end=\"1697\">Browser type and browser version<\/p>\n<\/li>\n<li data-start=\"1698\" data-end=\"1728\">\n<p data-start=\"1700\" data-end=\"1728\">Operating system used<\/p>\n<\/li>\n<li data-start=\"1729\" data-end=\"1745\">\n<p data-start=\"1731\" data-end=\"1745\">Referrer URL<\/p>\n<\/li>\n<\/ul>\n<p data-start=\"1747\" data-end=\"1859\">This data cannot be assigned to specific persons and is not merged with other data sources.<\/p>\n<hr data-start=\"1861\" data-end=\"1864\" \/>\n<h2 data-start=\"1866\" data-end=\"1884\">\u00a0<\/h2>\n<h2 data-start=\"1866\" data-end=\"1884\">5. google fonts<\/h2>\n<p data-start=\"1886\" data-end=\"2073\">On our website <strong data-start=\"1913\" data-end=\"1929\">Google Fonts<\/strong> is used for the uniform representation of fonts.<br data-start=\"1987\" data-end=\"1990\" \/>When you call up the page, your browser loads the required fonts from Google servers.<\/p>\n<p data-start=\"2075\" data-end=\"2130\">Your IP address may be transmitted to Google.<\/p>\n<p data-start=\"2132\" data-end=\"2213\">Provider:<br data-start=\"2141\" data-end=\"2144\" \/>Google Ireland Limited, Gordon House, Barrow Street, Dublin 4, Ireland<\/p>\n<p data-start=\"2215\" data-end=\"2336\"><strong data-start=\"2215\" data-end=\"2235\">Legal basis:<\/strong><br data-start=\"2235\" data-end=\"2238\" \/>Art. 6 para. 1 lit. f GDPR (legitimate interest in an appealing presentation of the website)<\/p>\n<hr data-start=\"2440\" data-end=\"2443\" \/>\n<h2 data-start=\"2445\" data-end=\"2462\">\u00a0<\/h2>\n<h2 data-start=\"2445\" data-end=\"2462\">6. google maps<\/h2>\n<p data-start=\"2464\" data-end=\"2705\">Our website uses <strong data-start=\"2489\" data-end=\"2504\">Google Maps<\/strong> for the presentation of our location.<br data-start=\"2539\" data-end=\"2542\" \/>To use the functions of Google Maps, it is necessary to save your IP address. This information is usually transmitted to Google servers.<\/p>\n<p data-start=\"2707\" data-end=\"2788\">Provider:<br data-start=\"2716\" data-end=\"2719\" \/>Google Ireland Limited, Gordon House, Barrow Street, Dublin 4, Ireland<\/p>\n<p data-start=\"2790\" data-end=\"2912\"><strong data-start=\"2790\" data-end=\"2810\">Legal basis:<\/strong><br data-start=\"2810\" data-end=\"2813\" \/>Art. 6 para. 1 lit. f GDPR (legitimate interest in a user-friendly location display)<\/p>\n<p data-start=\"2914\" data-end=\"3009\">Further information on data processing by Google:<br data-start=\"2971\" data-end=\"2974\" \/><a class=\"decorated-link\" href=\"https:\/\/policies.google.com\/privacy\" target=\"_new\" rel=\"noopener\" data-start=\"2974\" data-end=\"3009\">https:\/\/policies.google.com\/privacy<\/a><\/p>\n<hr data-start=\"3011\" data-end=\"3014\" \/>\n<h2 data-start=\"3016\" data-end=\"3037\">\u00a0<\/h2>\n<h2 data-start=\"3016\" data-end=\"3037\">7. contact<\/h2>\n<p data-start=\"3039\" data-end=\"3225\">If you contact us by e-mail or via a contact form, the data you provide will be stored by us for the purpose of processing the inquiry and in the event of follow-up questions.<\/p>\n<p data-start=\"3227\" data-end=\"3285\">We do not pass on this data without your consent.<\/p>\n<p data-start=\"3287\" data-end=\"3387\"><strong data-start=\"3287\" data-end=\"3307\">Legal basis:<\/strong><br data-start=\"3307\" data-end=\"3310\" \/>Art. 6 para. 1 lit. b GDPR (fulfillment of contract or pre-contractual measures)<\/p>\n<hr data-start=\"3389\" data-end=\"3392\" \/>\n<h2 data-start=\"3394\" data-end=\"3407\">\u00a0<\/h2>\n<h2 data-start=\"3394\" data-end=\"3407\">8. cookies<\/h2>\n<p data-start=\"3409\" data-end=\"3632\">Our website currently uses <strong data-start=\"3442\" data-end=\"3487\">No technically unnecessary cookies<\/strong>.<br data-start=\"3488\" data-end=\"3491\" \/>If cookies are used in the future that are not required for the operation of the website, your consent will be obtained in advance.<\/p>\n<hr data-start=\"3634\" data-end=\"3637\" \/>\n<h2 data-start=\"3639\" data-end=\"3656\">\u00a0<\/h2>\n<h2 data-start=\"3639\" data-end=\"3656\">9. your rights<\/h2>\n<p data-start=\"3658\" data-end=\"3704\">You have the following rights:<\/p>\n<ul data-start=\"3706\" data-end=\"3949\">\n<li data-start=\"3706\" data-end=\"3728\">\n<p data-start=\"3708\" data-end=\"3728\">Right to information<\/p>\n<\/li>\n<li data-start=\"3729\" data-end=\"3755\">\n<p data-start=\"3731\" data-end=\"3755\">Right to rectification<\/p>\n<\/li>\n<li data-start=\"3756\" data-end=\"3778\">\n<p data-start=\"3758\" data-end=\"3778\">Right to erasure<\/p>\n<\/li>\n<li data-start=\"3779\" data-end=\"3823\">\n<p data-start=\"3781\" data-end=\"3823\">Right to restriction of processing<\/p>\n<\/li>\n<li data-start=\"3824\" data-end=\"3858\">\n<p data-start=\"3826\" data-end=\"3858\">Right to data portability<\/p>\n<\/li>\n<li data-start=\"3859\" data-end=\"3900\">\n<p data-start=\"3861\" data-end=\"3900\">Right to withdraw consent<\/p>\n<\/li>\n<li data-start=\"3901\" data-end=\"3949\">\n<p data-start=\"3903\" data-end=\"3949\">Right to object to the processing<\/p>\n<\/li>\n<\/ul>\n<p data-start=\"3951\" data-end=\"4105\">If you believe that the processing of your data violates data protection law, you have the right to lodge a complaint with the supervisory authority.<\/p>\n<p data-start=\"4107\" data-end=\"4246\"><strong data-start=\"4107\" data-end=\"4153\">Competent supervisory authority in Austria:<\/strong><br data-start=\"4153\" data-end=\"4156\" \/>Austrian Data Protection Authority<br data-start=\"4190\" data-end=\"4193\" \/>Barichgasse 40-42<br data-start=\"4210\" data-end=\"4213\" \/>1030 Vienna<br data-start=\"4222\" data-end=\"4225\" \/><a class=\"decorated-link\" href=\"https:\/\/www.dsb.gv.at\" target=\"_new\" rel=\"noopener\" data-start=\"4225\" data-end=\"4246\">https:\/\/www.dsb.gv.at<\/a><\/p>\n<hr data-start=\"4248\" data-end=\"4251\" \/>\n<h2 data-start=\"4253\" data-end=\"4298\">\u00a0<\/h2>\n<h2 data-start=\"4253\" data-end=\"4298\">10. changes to this privacy policy<\/h2>\n<p data-start=\"4300\" data-end=\"4439\">We reserve the right to amend this privacy policy as necessary to ensure that it always complies with current legal requirements.<code data-start=\"4595\" data-end=\"4606\"><\/code><\/p>\n<div id=\"urban-overlay\" style=\"left: -10px; top: -10px; width: 0px; height: 0px;\">\u00a0<\/div>\t\t\t\t\t\t\t\t<\/div>\n\t\t\t\t\t<\/div>\n\t\t\t\t<\/div>\n\t\t\t\t<\/div>","protected":false},"excerpt":{"rendered":"<p>Datenschutzerkl\u00e4rung (Stand: 17.12.2025) \u00a0 \u00a0 1. Allgemeine Hinweise Der Schutz Ihrer pers\u00f6nlichen Daten ist uns ein besonderes Anliegen.Wir verarbeiten Ihre Daten daher ausschlie\u00dflich auf Grundlage der gesetzlichen Bestimmungen (DSGVO, TKG 2003). In dieser Datenschutzerkl\u00e4rung informieren wir Sie \u00fcber die wichtigsten Aspekte der Datenverarbeitung im Rahmen unserer Website. \u00a0 2. Verantwortlicher Restaurant Fago {{Restaurant Fago\/ Betreiber}}Urstein [&hellip;]<\/p>","protected":false},"author":1,"featured_media":0,"parent":0,"menu_order":0,"comment_status":"closed","ping_status":"closed","template":"","meta":{"footnotes":""},"class_list":["post-3","page","type-page","status-publish","hentry"],"_links":{"self":[{"href":"https:\/\/restaurant-fago.at\/en\/wp-json\/wp\/v2\/pages\/3","targetHints":{"allow":["GET"]}}],"collection":[{"href":"https:\/\/restaurant-fago.at\/en\/wp-json\/wp\/v2\/pages"}],"about":[{"href":"https:\/\/restaurant-fago.at\/en\/wp-json\/wp\/v2\/types\/page"}],"author":[{"embeddable":true,"href":"https:\/\/restaurant-fago.at\/en\/wp-json\/wp\/v2\/users\/1"}],"replies":[{"embeddable":true,"href":"https:\/\/restaurant-fago.at\/en\/wp-json\/wp\/v2\/comments?post=3"}],"version-history":[{"count":0,"href":"https:\/\/restaurant-fago.at\/en\/wp-json\/wp\/v2\/pages\/3\/revisions"}],"wp:attachment":[{"href":"https:\/\/restaurant-fago.at\/en\/wp-json\/wp\/v2\/media?parent=3"}],"curies":[{"name":"wp","href":"https:\/\/api.w.org\/{rel}","templated":true}]}}